{"id":10225,"date":"2020-04-19T10:54:31","date_gmt":"2020-04-19T10:54:31","guid":{"rendered":"http:\/\/plua.studiospektrum.pl\/?page_id=10225"},"modified":"2021-02-24T14:08:17","modified_gmt":"2021-02-24T14:08:17","slug":"ochrona-srodowiska","status":"publish","type":"page","link":"https:\/\/slawatycze-domaczewo.powiatbialski.eu\/?page_id=10225","title":{"rendered":"Ochrona \u015arodowiska"},"content":{"rendered":"<p>[vc_row full_width=&#8221;stretch_row&#8221; min_height=&#8221;45&#8243; min_height_units=&#8221;vh&#8221; parallax=&#8221;cesis_parallax&#8221; parallax_image=&#8221;10147&#8243; content_placement=&#8221;bottom&#8221; css=&#8221;.vc_custom_1614175691580{padding-top: 60px !important;padding-bottom: 60px !important;background-color: #3a78ff !important;}&#8221; overlay=&#8221;rgba(79,87,255,0.17)&#8221;][vc_column width=&#8221;1\/2&#8243; css=&#8221;.vc_custom_1518976360014{border-left-width: 3px !important;padding-top: 5% !important;padding-right: 5% !important;padding-bottom: 5% !important;padding-left: 5% !important;background-color: rgba(0,0,0,0.32) !important;*background-color: rgb(0,0,0) !important;border-left-color: #1e73be !important;border-left-style: solid !important;}&#8221;][vc_custom_heading text=&#8221;Ochrona \u015brodowiska&#8221; font_container=&#8221;tag:h1|font_size:52|text_align:left|color:%23ffffff|line_height:0.7em&#8221; text_resize=&#8221;yes&#8221; text_minimum=&#8221;24&#8243; letter_spacing=&#8221;1&#8243; use_theme_fonts=&#8221;yes&#8221;][\/vc_column][vc_column width=&#8221;1\/2&#8243;][\/vc_column][\/vc_row][vc_row gap=&#8221;15&#8243; content_placement=&#8221;middle&#8221; css=&#8221;.vc_custom_1587291359775{padding-top: 80px !important;padding-bottom: 80px !important;}&#8221; el_id=&#8221;2&#8243;][vc_column width=&#8221;1\/2&#8243;][vc_single_image image=&#8221;10229&#8243; img_size=&#8221;large&#8221; css_animation=&#8221;slideInLeft&#8221;][\/vc_column][vc_column width=&#8221;1\/2&#8243; css=&#8221;.vc_custom_1507387023954{padding-top: 40px !important;padding-bottom: 40px !important;}&#8221;][vc_custom_heading text=&#8221;CO2&#8243; font_container=&#8221;tag:h3|font_size:18|text_align:left|color:%23999999|line_height:1.2em&#8221; text_transform=&#8221;cesis_text_transform_uppercase&#8221; letter_spacing=&#8221;1&#8243; use_theme_fonts=&#8221;yes&#8221; css=&#8221;.vc_custom_1587293784088{margin-bottom: 5px !important;}&#8221;][vc_custom_heading text=&#8221;Dwutlenek w\u0119gla&#8221; font_container=&#8221;tag:h2|font_size:30|text_align:left|line_height:1.2em&#8221; text_resize=&#8221;yes&#8221; text_minimum=&#8221;24&#8243; text_transform=&#8221;cesis_text_transform_uppercase&#8221; google_fonts=&#8221;font_family:Roboto%3A100%2C100italic%2C300%2C300italic%2Cregular%2Citalic%2C500%2C500italic%2C700%2C700italic%2C900%2C900italic|font_style:700%20bold%20regular%3A700%3Anormal&#8221;][vc_column_text css=&#8221;.vc_custom_1587293809489{margin-top: 0px !important;margin-bottom: 35px !important;padding-top: 0px !important;}&#8221;]Dwutlenek w\u0119gla to g\u0142\u00f3wny gaz odpowiadaj\u0105cy za zmiany klimatu i efekt cieplarniany. Faktem jest, \u017ce mo\u017cemy obserwowa\u0107 skutki zachodz\u0105cego efektu cieplarnianego, gdy\u017c st\u0119\u017cenie dwutlenku w\u0119gla w atmosferze \u015bci\u015ble koreluje ze zmianami \u015bredniorocznej temperatury.<\/p>\n<p>Dlatego warto zastanowi\u0107 si\u0119 nad tym, w jaki spos\u00f3b mo\u017cemy sami ograniczy\u0107 negatywny wp\u0142yw cz\u0142owieka na stan ziemskiej biosfery. Niew\u0105tpliwie efektywnie planowany transport, to mniej CO<sub>2<\/sub> w powietrzu, dlatego powstaj\u0105 liczne kampanie zach\u0119caj\u0105ce do przesiadania si\u0119 z aut na rowery oraz korzystania ze \u015brodk\u00f3w masowego transportu.<\/p>\n<p>W celu zmniejszenia emisji zanieczyszcze\u0144 do biosfery ka\u017cdy u\u017cytkownik ruchu drogowego powinien tak\u017ce ograniczy\u0107 u\u017cycie pojazd\u00f3w zasilanych paliwami b\u0105d\u017a wybiera\u0107 pojazdy z odpowiednimi limitami emisji CO<sub>2<\/sub>.[\/vc_column_text][\/vc_column][\/vc_row][vc_row full_width=&#8221;stretch_row&#8221; content_placement=&#8221;middle&#8221; css=&#8221;.vc_custom_1587292211495{padding-top: 80px !important;padding-bottom: 80px !important;background-color: #200555 !important;}&#8221;][vc_column width=&#8221;4\/6&#8243;][vc_custom_heading text=&#8221;Proponujemy zapozna\u0107 si\u0119 ze \u015bwiatowym atlasem emisji dwutlenku w\u0119gla&#8221; font_container=&#8221;tag:h5|text_align:left|color:%23ffffff&#8221; text_transform=&#8221;cesis_text_transform_uppercase&#8221; use_theme_fonts=&#8221;yes&#8221;][\/vc_column][vc_column width=&#8221;2\/6&#8243;][cesis_button button_text=&#8221;PRZEJD\u0179&#8221; link=&#8221;http:\/\/www.globalcarbonatlas.org\/en\/CO2-emissions&#8221; target=&#8221;_blank&#8221; button_pos=&#8221;center&#8221; button_size=&#8221;cesis_button_custom&#8221; button_width=&#8221;200px&#8221; button_height=&#8221;50px&#8221; button_border=&#8221;1&#8243; button_radius=&#8221;3&#8243; button_text_color=&#8221;#ffffff&#8221; button_bg_color=&#8221;rgba(255,255,255,0)&#8221; button_border_color=&#8221;#ffffff&#8221; h_button_text_color=&#8221;#222222&#8243; h_button_bg_color=&#8221;#ffffff&#8221; h_button_border_color=&#8221;#ffffff&#8221; button_font=&#8221;alt_font&#8221; button_f_size=&#8221;12px&#8221; button_f_weight=&#8221;900&#8243; button_l_spacing=&#8221;0.5&#8243;][\/vc_column][\/vc_row][vc_row full_width=&#8221;stretch_row&#8221; css=&#8221;.vc_custom_1587294607967{padding-top: 80px !important;background-color: #f4f4f4 !important;}&#8221;][vc_column][vc_custom_heading text=&#8221;W zakresie zachowa\u0144 pro\u015brodowiskowych warto tak\u017ce przeczyta\u0107 informacje zawarte na stronie Parlamentu Europejskiego:&#8221; font_container=&#8221;tag:p|font_size:19|text_align:left&#8221; use_theme_fonts=&#8221;yes&#8221;][\/vc_column][\/vc_row][vc_row full_width=&#8221;stretch_row&#8221; content_placement=&#8221;middle&#8221; css=&#8221;.vc_custom_1587294651508{padding-top: 30px !important;padding-bottom: 10px !important;background-color: #f4f4f4 !important;}&#8221;][vc_column width=&#8221;4\/6&#8243;][vc_custom_heading text=&#8221;Emisja CO2 \u2013 fakty i liczby&#8221; font_container=&#8221;tag:h5|text_align:left|color:%23293340&#8243; text_transform=&#8221;cesis_text_transform_uppercase&#8221; use_theme_fonts=&#8221;yes&#8221;][\/vc_column][vc_column width=&#8221;2\/6&#8243;][cesis_button button_text=&#8221;PRZEJD\u0179&#8221; link=&#8221;https:\/\/www.europarl.europa.eu\/news\/pl\/headlines\/society\/20190313STO31218\/emisje-co2-z-samochodow-fakty-i-liczby-infografika&#8221; target=&#8221;_blank&#8221; button_pos=&#8221;center&#8221; button_size=&#8221;cesis_button_custom&#8221; button_width=&#8221;200px&#8221; button_height=&#8221;50px&#8221; button_border=&#8221;1&#8243; button_radius=&#8221;3&#8243; button_text_color=&#8221;#293340&#8243; button_bg_color=&#8221;rgba(255,255,255,0.01)&#8221; button_border_color=&#8221;#293340&#8243; h_button_text_color=&#8221;#222222&#8243; h_button_bg_color=&#8221;#ffffff&#8221; h_button_border_color=&#8221;#ffffff&#8221; button_font=&#8221;alt_font&#8221; button_f_size=&#8221;12px&#8221; button_f_weight=&#8221;900&#8243; button_l_spacing=&#8221;0.5&#8243;][\/vc_column][\/vc_row][vc_row full_width=&#8221;stretch_row&#8221; content_placement=&#8221;middle&#8221; css=&#8221;.vc_custom_1587294404472{padding-top: 10px !important;padding-bottom: 80px !important;background-color: #f4f4f4 !important;}&#8221;][vc_column width=&#8221;4\/6&#8243;][vc_custom_heading text=&#8221;Redukcja emisji CO2&#8243; font_container=&#8221;tag:h5|text_align:left|color:%23293340&#8243; text_transform=&#8221;cesis_text_transform_uppercase&#8221; use_theme_fonts=&#8221;yes&#8221;][\/vc_column][vc_column width=&#8221;2\/6&#8243;][cesis_button button_text=&#8221;PRZEJD\u0179&#8221; link=&#8221;https:\/\/www.europarl.europa.eu\/news\/pl\/headlines\/society\/20180920STO14027\/redukcja-emisji-z-samochodow&#8221; target=&#8221;_blank&#8221; button_pos=&#8221;center&#8221; button_size=&#8221;cesis_button_custom&#8221; button_width=&#8221;200px&#8221; button_height=&#8221;50px&#8221; button_border=&#8221;1&#8243; button_radius=&#8221;3&#8243; button_text_color=&#8221;#293340&#8243; button_bg_color=&#8221;rgba(255,255,255,0.01)&#8221; button_border_color=&#8221;#293340&#8243; h_button_text_color=&#8221;#222222&#8243; h_button_bg_color=&#8221;#ffffff&#8221; h_button_border_color=&#8221;#ffffff&#8221; button_font=&#8221;alt_font&#8221; button_f_size=&#8221;12px&#8221; button_f_weight=&#8221;900&#8243; button_l_spacing=&#8221;0.5&#8243;][\/vc_column][\/vc_row]<\/p>\n","protected":false},"excerpt":{"rendered":"<p>[vc_row full_width=&#8221;stretch_row&#8221; min_height=&#8221;45&#8243; min_height_units=&#8221;vh&#8221; parallax=&#8221;cesis_parallax&#8221; parallax_image=&#8221;10147&#8243; content_placement=&#8221;bottom&#8221; css=&#8221;.vc_custom_1614175691580{padding-top: 60px !important;padding-bottom: 60px !important;background-color: #3a78ff !important;}&#8221; overlay=&#8221;rgba(79,87,255,0.17)&#8221;][vc_column width=&#8221;1\/2&#8243; css=&#8221;.vc_custom_1518976360014{border-left-width: 3px !important;padding-top: 5% !important;padding-right: 5% !important;padding-bottom: 5% !important;padding-left: 5% !important;background-color: rgba(0,0,0,0.32) !important;*background-color: rgb(0,0,0) !important;border-left-color: #1e73be !important;border-left-style: solid !important;}&#8221;][vc_custom_heading text=&#8221;Ochrona \u015brodowiska&#8221; font_container=&#8221;tag:h1|font_size:52|text_align:left|color:%23ffffff|line_height:0.7em&#8221; text_resize=&#8221;yes&#8221; text_minimum=&#8221;24&#8243; letter_spacing=&#8221;1&#8243; use_theme_fonts=&#8221;yes&#8221;][\/vc_column][vc_column width=&#8221;1\/2&#8243;][\/vc_column][\/vc_row][vc_row gap=&#8221;15&#8243; content_placement=&#8221;middle&#8221; css=&#8221;.vc_custom_1587291359775{padding-top: 80px !important;padding-bottom: 80px !important;}&#8221; el_id=&#8221;2&#8243;][vc_column width=&#8221;1\/2&#8243;][vc_single_image image=&#8221;10229&#8243; img_size=&#8221;large&#8221; css_animation=&#8221;slideInLeft&#8221;][\/vc_column][vc_column [&hellip;]<\/p>\n","protected":false},"author":1,"featured_media":0,"parent":0,"menu_order":0,"comment_status":"closed","ping_status":"closed","template":"","meta":{"footnotes":""},"class_list":["post-10225","page","type-page","status-publish","hentry"],"_links":{"self":[{"href":"https:\/\/slawatycze-domaczewo.powiatbialski.eu\/index.php?rest_route=\/wp\/v2\/pages\/10225","targetHints":{"allow":["GET"]}}],"collection":[{"href":"https:\/\/slawatycze-domaczewo.powiatbialski.eu\/index.php?rest_route=\/wp\/v2\/pages"}],"about":[{"href":"https:\/\/slawatycze-domaczewo.powiatbialski.eu\/index.php?rest_route=\/wp\/v2\/types\/page"}],"author":[{"embeddable":true,"href":"https:\/\/slawatycze-domaczewo.powiatbialski.eu\/index.php?rest_route=\/wp\/v2\/users\/1"}],"replies":[{"embeddable":true,"href":"https:\/\/slawatycze-domaczewo.powiatbialski.eu\/index.php?rest_route=%2Fwp%2Fv2%2Fcomments&post=10225"}],"version-history":[{"count":0,"href":"https:\/\/slawatycze-domaczewo.powiatbialski.eu\/index.php?rest_route=\/wp\/v2\/pages\/10225\/revisions"}],"wp:attachment":[{"href":"https:\/\/slawatycze-domaczewo.powiatbialski.eu\/index.php?rest_route=%2Fwp%2Fv2%2Fmedia&parent=10225"}],"curies":[{"name":"wp","href":"https:\/\/api.w.org\/{rel}","templated":true}]}}