{"id":10318,"date":"2020-04-19T14:24:27","date_gmt":"2020-04-19T14:24:27","guid":{"rendered":"http:\/\/plua.studiospektrum.pl\/?page_id=10318"},"modified":"2020-04-30T11:10:11","modified_gmt":"2020-04-30T11:10:11","slug":"%d0%bf%d1%80%d0%b0%d0%bc%d0%b0%d0%b2%d0%b0%d0%bd%d0%bd%d0%b5-%d0%bf%d1%80%d0%b0%d0%b5%d0%ba%d1%82%d0%b0","status":"publish","type":"page","link":"https:\/\/slawatycze-domaczewo.powiatbialski.eu\/?page_id=10318&lang=be","title":{"rendered":"\u041f\u0420\u0410\u041c\u0410\u0412\u0410\u041d\u041d\u0415 \u041f\u0420\u0410\u0415\u041a\u0422\u0410"},"content":{"rendered":"<p>[vc_row full_width=&#8221;stretch_row&#8221; min_height=&#8221;45&#8243; min_height_units=&#8221;vh&#8221; parallax=&#8221;cesis_parallax&#8221; parallax_image=&#8221;10147&#8243; content_placement=&#8221;bottom&#8221; css=&#8221;.vc_custom_1587299707474{padding-top: 60px !important;padding-bottom: 60px !important;background-color: #3a78ff !important;}&#8221; overlay=&#8221;rgba(79,87,255,0.17)&#8221;][vc_column width=&#8221;1\/2&#8243; css=&#8221;.vc_custom_1518976360014{border-left-width: 3px !important;padding-top: 5% !important;padding-right: 5% !important;padding-bottom: 5% !important;padding-left: 5% !important;background-color: rgba(0,0,0,0.32) !important;*background-color: rgb(0,0,0) !important;border-left-color: #1e73be !important;border-left-style: solid !important;}&#8221;][vc_custom_heading text=&#8221;\u041f\u0420\u0410\u041c\u0410\u0412\u0410\u041d\u041d\u0415 \u041f\u0420\u0410\u0415\u041a\u0422\u0410&#8221; font_container=&#8221;tag:h1|font_size:52|text_align:left|color:%23ffffff|line_height:0.7em&#8221; text_resize=&#8221;yes&#8221; text_minimum=&#8221;24&#8243; letter_spacing=&#8221;1&#8243; use_theme_fonts=&#8221;yes&#8221;][\/vc_column][vc_column width=&#8221;1\/2&#8243;][\/vc_column][\/vc_row][vc_row][vc_column width=&#8221;1\/2&#8243;][vc_column_text]<\/p>\n\n\n<div class=\"wp-block-group\"><div class=\"wp-block-group__inner-container is-layout-flow wp-block-group-is-layout-flow\">\n<div class=\"wp-block-group\"><div class=\"wp-block-group__inner-container is-layout-flow wp-block-group-is-layout-flow\">\n<figure class=\"wp-block-embed-wordpress wp-block-embed is-type-wp-embed is-provider-biala-24\"><div class=\"wp-block-embed__wrapper\">\n<blockquote class=\"wp-embedded-content\" data-secret=\"wLH8mXyfa5\"><a href=\"https:\/\/bp24.pl\/miliony-na-przebudowe-drogi\/\">Miliony na przebudow\u0119 drogi<\/a><\/blockquote><iframe loading=\"lazy\" title=\"&#8222;Miliony na przebudow\u0119 drogi&#8221; &#8212; Bia\u0142a24\" class=\"wp-embedded-content\" sandbox=\"allow-scripts\" security=\"restricted\" style=\"position: absolute; clip: rect(1px, 1px, 1px, 1px);\" src=\"https:\/\/bp24.pl\/miliony-na-przebudowe-drogi\/embed\/#?secret=wLH8mXyfa5\" data-secret=\"wLH8mXyfa5\" width=\"600\" height=\"338\" frameborder=\"0\" marginwidth=\"0\" marginheight=\"0\" scrolling=\"no\"><\/iframe>\n<\/div><\/figure>\n<\/div><\/div>\n<\/div><\/div>\n\n\n\n<figure class=\"wp-block-embed-wordpress wp-block-embed is-type-wp-embed is-provider-podlasianin\"><div class=\"wp-block-embed__wrapper\">\n<blockquote class=\"wp-embedded-content\" data-secret=\"kyHrnCQTe8\"><a href=\"https:\/\/podlasianin.com.pl\/z-tucznej-do-slawatycz-juz-nie-po-wybojach\/\">Z Tucznej do S\u0142awatycz ju\u017c nie po wybojach<\/a><\/blockquote><iframe loading=\"lazy\" title=\"&#8222;Z Tucznej do S\u0142awatycz ju\u017c nie po wybojach&#8221; &#8212; Podlasianin\" class=\"wp-embedded-content\" sandbox=\"allow-scripts\" security=\"restricted\" style=\"position: absolute; clip: rect(1px, 1px, 1px, 1px);\" src=\"https:\/\/podlasianin.com.pl\/z-tucznej-do-slawatycz-juz-nie-po-wybojach\/embed\/#?secret=kyHrnCQTe8\" data-secret=\"kyHrnCQTe8\" width=\"600\" height=\"338\" frameborder=\"0\" marginwidth=\"0\" marginheight=\"0\" scrolling=\"no\"><\/iframe>\n<\/div><\/figure>\n\n\n<p>[\/vc_column_text][vc_column_text]<\/p>\n<p>[\/vc_column_text][\/vc_column][vc_column width=&#8221;1\/2&#8243;][vc_column_text]<\/p>\n\n\n<figure class=\"wp-block-embed-youtube wp-block-embed is-type-video is-provider-youtube wp-embed-aspect-16-9 wp-has-aspect-ratio\"><div class=\"wp-block-embed__wrapper\">\n<iframe loading=\"lazy\" title=\"Droga Tuczna - Mi\u0119dzyle\u015b doczeka\u0142a si\u0119 remontu\" width=\"1250\" height=\"703\" src=\"https:\/\/www.youtube.com\/embed\/tD5atxRTsyk?feature=oembed\" frameborder=\"0\" allow=\"accelerometer; autoplay; encrypted-media; gyroscope; picture-in-picture\" allowfullscreen><\/iframe>\n<\/div><\/figure>\n\n\n<p><\/p>\n\n\n<figure class=\"wp-block-embed-wordpress wp-block-embed is-type-wp-embed is-provider-przedsiebiorstwo-robot-drogowych\"><div class=\"wp-block-embed__wrapper\">\n<blockquote class=\"wp-embedded-content\" data-secret=\"7BLBDapQ72\"><a href=\"https:\/\/prdsabp.pl\/budowa-dlugo-oczekiwanego-odcinka-drogi-na-trasie-tuczna-slawatycze-zakonczona\/\">Budowa d\u0142ugo oczekiwanego odcinka drogi na trasie Tuczna &#8211; S\u0142awatycze zako\u0144czona<\/a><\/blockquote><iframe loading=\"lazy\" title=\"&#8222;Budowa d\u0142ugo oczekiwanego odcinka drogi na trasie Tuczna &#8211; S\u0142awatycze zako\u0144czona&#8221; &#8212; Przedsi\u0119biorstwo Rob\u00f3t Drogowych\" class=\"wp-embedded-content\" sandbox=\"allow-scripts\" security=\"restricted\" style=\"position: absolute; clip: rect(1px, 1px, 1px, 1px);\" src=\"https:\/\/prdsabp.pl\/budowa-dlugo-oczekiwanego-odcinka-drogi-na-trasie-tuczna-slawatycze-zakonczona\/embed\/#?secret=7BLBDapQ72\" data-secret=\"7BLBDapQ72\" width=\"600\" height=\"338\" frameborder=\"0\" marginwidth=\"0\" marginheight=\"0\" scrolling=\"no\"><\/iframe>\n<\/div><\/figure>\n\n\n<p>&nbsp;<\/p>\n<p>[\/vc_column_text][\/vc_column][\/vc_row][vc_row full_width=&#8221;stretch_row&#8221; content_placement=&#8221;middle&#8221; css=&#8221;.vc_custom_1587292211495{padding-top: 80px !important;padding-bottom: 80px !important;background-color: #200555 !important;}&#8221;][vc_column width=&#8221;4\/6&#8243;][vc_custom_heading text=&#8221;Podpisanie um\u00f3w z Programu Wsp\u00f3\u0142pracy Transgranicznej Polska-Bia\u0142oru\u015b \u2013 Ukraina 2014-2020  &#8211; www.powiatbialski.eu&#8221; font_container=&#8221;tag:h5|text_align:left|color:%23ffffff&#8221; text_transform=&#8221;cesis_text_transform_uppercase&#8221; use_theme_fonts=&#8221;yes&#8221;][\/vc_column][vc_column width=&#8221;2\/6&#8243;][cesis_button button_text=&#8221;\u0456\u0441\u0446\u0456 \u0442\u0443\u0434\u044b&#8221; link=&#8221;https:\/\/www.powiatbialski.eu\/?p=21340&#8243; target=&#8221;_blank&#8221; button_pos=&#8221;center&#8221; button_size=&#8221;cesis_button_custom&#8221; button_width=&#8221;200px&#8221; button_height=&#8221;50px&#8221; button_border=&#8221;1&#8243; button_radius=&#8221;3&#8243; button_text_color=&#8221;#ffffff&#8221; button_bg_color=&#8221;rgba(255,255,255,0)&#8221; button_border_color=&#8221;#ffffff&#8221; h_button_text_color=&#8221;#222222&#8243; h_button_bg_color=&#8221;#ffffff&#8221; h_button_border_color=&#8221;#ffffff&#8221; button_font=&#8221;alt_font&#8221; button_f_size=&#8221;12px&#8221; button_f_weight=&#8221;900&#8243; button_l_spacing=&#8221;0.5&#8243;][\/vc_column][\/vc_row][vc_row full_width=&#8221;stretch_row&#8221; content_placement=&#8221;middle&#8221; css=&#8221;.vc_custom_1587292903920{padding-top: 80px !important;padding-bottom: 80px !important;background-color: #f4f4f4 !important;}&#8221;][vc_column width=&#8221;4\/6&#8243;][vc_custom_heading text=&#8221;Gmina Tuczna: Remont drogi trwa &#8211;  www.slowopodlasia.pl&#8221; font_container=&#8221;tag:h5|text_align:left|color:%23293340&#8243; text_transform=&#8221;cesis_text_transform_uppercase&#8221; use_theme_fonts=&#8221;yes&#8221;][\/vc_column][vc_column width=&#8221;2\/6&#8243;][cesis_button button_text=&#8221;\u0456\u0441\u0446\u0456 \u0442\u0443\u0434\u044b&#8221; link=&#8221;https:\/\/www.slowopodlasia.pl\/wiadomosci\/7090,gmina-tuczna-remont-drogi-trwa&#8221; target=&#8221;_blank&#8221; button_pos=&#8221;center&#8221; button_size=&#8221;cesis_button_custom&#8221; button_width=&#8221;200px&#8221; button_height=&#8221;50px&#8221; button_border=&#8221;1&#8243; button_radius=&#8221;3&#8243; button_text_color=&#8221;#293340&#8243; button_bg_color=&#8221;rgba(255,255,255,0.01)&#8221; button_border_color=&#8221;#293340&#8243; h_button_text_color=&#8221;#222222&#8243; h_button_bg_color=&#8221;#ffffff&#8221; h_button_border_color=&#8221;#ffffff&#8221; button_font=&#8221;alt_font&#8221; button_f_size=&#8221;12px&#8221; button_f_weight=&#8221;900&#8243; button_l_spacing=&#8221;0.5&#8243;][\/vc_column][\/vc_row][vc_row full_width=&#8221;stretch_row&#8221; css=&#8221;.vc_custom_1587299868139{margin-top: 40px !important;margin-bottom: 40px !important;}&#8221;][vc_column width=&#8221;1\/3&#8243;][cesis_icon i_size=&#8221;30&#8243; use_shape=&#8221;yes&#8221; shape=&#8221;squared&#8221; i_bg_size=&#8221;220&#8243; link=&#8221;https:\/\/www.facebook.com\/Transgraniczna-wsp%C3%B3%C5%82praca-Powiatu-Bialskiego-i-Rejonu-Brzeskiego-101154094861680\/&#8221; icon_color=&#8221;#ffffff&#8221; icon_bg_color=&#8221;#1769ff&#8221; h_icon_color=&#8221;#1769ff&#8221; h_icon_bg_color=&#8221;#f4f4f4&#8243; icon=&#8221;fa-facebook2&#8243; el_class=&#8221;cesis_full_w_icon&#8221;][\/vc_column][vc_column width=&#8221;1\/3&#8243; css=&#8221;.vc_custom_1507097433159{border-right-width: 1px !important;border-left-width: 1px !important;border-left-color: #e0e0e0 !important;border-left-style: solid !important;border-right-color: #e0e0e0 !important;border-right-style: solid !important;}&#8221;][cesis_icon i_size=&#8221;30&#8243; use_shape=&#8221;yes&#8221; shape=&#8221;squared&#8221; i_bg_size=&#8221;220&#8243; icon_color=&#8221;#ffffff&#8221; icon_bg_color=&#8221;#dd3333&#8243; h_icon_color=&#8221;#dd3333&#8243; h_icon_bg_color=&#8221;#f4f4f4&#8243; icon=&#8221;fa-youtube22&#8243; el_class=&#8221;cesis_full_w_icon&#8221;][\/vc_column][vc_column width=&#8221;1\/3&#8243;][cesis_icon i_size=&#8221;30&#8243; use_shape=&#8221;yes&#8221; shape=&#8221;squared&#8221; i_bg_size=&#8221;220&#8243; link=&#8221;https:\/\/vk.com\/&#8221; icon_color=&#8221;#ffffff&#8221; icon_bg_color=&#8221;#81d742&#8243; h_icon_color=&#8221;#81d742&#8243; h_icon_bg_color=&#8221;#f4f4f4&#8243; icon=&#8221;fa-vk&#8221; el_class=&#8221;cesis_full_w_icon&#8221;][\/vc_column][\/vc_row][vc_row][vc_column][vc_column_text]<\/p>\n<p><\/p>\n\n\n<p><\/p>\n\n\n<p>[\/vc_column_text][\/vc_column][\/vc_row]<\/p>","protected":false},"excerpt":{"rendered":"<p>[vc_row full_width=&#8221;stretch_row&#8221; min_height=&#8221;45&#8243; min_height_units=&#8221;vh&#8221; parallax=&#8221;cesis_parallax&#8221; parallax_image=&#8221;10147&#8243; content_placement=&#8221;bottom&#8221; css=&#8221;.vc_custom_1587299707474{padding-top: 60px !important;padding-bottom: 60px !important;background-color: #3a78ff !important;}&#8221; overlay=&#8221;rgba(79,87,255,0.17)&#8221;][vc_column width=&#8221;1\/2&#8243; css=&#8221;.vc_custom_1518976360014{border-left-width: 3px !important;padding-top: 5% !important;padding-right: 5% !important;padding-bottom: 5% !important;padding-left: 5% !important;background-color: rgba(0,0,0,0.32) !important;*background-color: rgb(0,0,0) !important;border-left-color: #1e73be !important;border-left-style: solid !important;}&#8221;][vc_custom_heading text=&#8221;\u041f\u0420\u0410\u041c\u0410\u0412\u0410\u041d\u041d\u0415 \u041f\u0420\u0410\u0415\u041a\u0422\u0410&#8221; font_container=&#8221;tag:h1|font_size:52|text_align:left|color:%23ffffff|line_height:0.7em&#8221; text_resize=&#8221;yes&#8221; text_minimum=&#8221;24&#8243; letter_spacing=&#8221;1&#8243; use_theme_fonts=&#8221;yes&#8221;][\/vc_column][vc_column width=&#8221;1\/2&#8243;][\/vc_column][\/vc_row][vc_row][vc_column width=&#8221;1\/2&#8243;][vc_column_text] [\/vc_column_text][vc_column_text] [\/vc_column_text][\/vc_column][vc_column width=&#8221;1\/2&#8243;][vc_column_text] &nbsp; [\/vc_column_text][\/vc_column][\/vc_row][vc_row full_width=&#8221;stretch_row&#8221; content_placement=&#8221;middle&#8221; css=&#8221;.vc_custom_1587292211495{padding-top: 80px !important;padding-bottom: 80px [&hellip;]<\/p>\n","protected":false},"author":1,"featured_media":0,"parent":0,"menu_order":0,"comment_status":"closed","ping_status":"closed","template":"","meta":{"footnotes":""},"class_list":["post-10318","page","type-page","status-publish","hentry"],"_links":{"self":[{"href":"https:\/\/slawatycze-domaczewo.powiatbialski.eu\/index.php?rest_route=\/wp\/v2\/pages\/10318","targetHints":{"allow":["GET"]}}],"collection":[{"href":"https:\/\/slawatycze-domaczewo.powiatbialski.eu\/index.php?rest_route=\/wp\/v2\/pages"}],"about":[{"href":"https:\/\/slawatycze-domaczewo.powiatbialski.eu\/index.php?rest_route=\/wp\/v2\/types\/page"}],"author":[{"embeddable":true,"href":"https:\/\/slawatycze-domaczewo.powiatbialski.eu\/index.php?rest_route=\/wp\/v2\/users\/1"}],"replies":[{"embeddable":true,"href":"https:\/\/slawatycze-domaczewo.powiatbialski.eu\/index.php?rest_route=%2Fwp%2Fv2%2Fcomments&post=10318"}],"version-history":[{"count":0,"href":"https:\/\/slawatycze-domaczewo.powiatbialski.eu\/index.php?rest_route=\/wp\/v2\/pages\/10318\/revisions"}],"wp:attachment":[{"href":"https:\/\/slawatycze-domaczewo.powiatbialski.eu\/index.php?rest_route=%2Fwp%2Fv2%2Fmedia&parent=10318"}],"curies":[{"name":"wp","href":"https:\/\/api.w.org\/{rel}","templated":true}]}}