{"id":10952,"date":"2022-02-21T10:11:49","date_gmt":"2022-02-21T10:11:49","guid":{"rendered":"http:\/\/slawatycze-domaczewo.pl\/?page_id=10952"},"modified":"2022-02-22T09:37:19","modified_gmt":"2022-02-22T09:37:19","slug":"deklaracja-dostepnosci-2","status":"publish","type":"page","link":"https:\/\/slawatycze-domaczewo.powiatbialski.eu\/?page_id=10952","title":{"rendered":"Deklaracja dost\u0119pno\u015bci"},"content":{"rendered":"<p>[vc_row full_width=&#8221;stretch_row&#8221; min_height=&#8221;45&#8243; min_height_units=&#8221;vh&#8221; parallax=&#8221;cesis_parallax&#8221; parallax_image=&#8221;10147&#8243; content_placement=&#8221;bottom&#8221; overlay=&#8221;rgba(79,87,255,0.17)&#8221; css=&#8221;.vc_custom_1645436320274{padding-top: 60px !important;padding-bottom: 60px !important;background-color: #3a78ff !important;}&#8221;][vc_column width=&#8221;1\/2&#8243; css=&#8221;.vc_custom_1645437598888{border-left-width: 3px !important;padding-top: 5% !important;padding-right: 5% !important;padding-bottom: 5% !important;padding-left: 5% !important;background-color: rgba(0,0,0,0.32) !important;*background-color: rgb(0,0,0) !important;border-left-color: #1e73be !important;border-left-style: solid !important;}&#8221;][vc_custom_heading text=&#8221;Deklaracja dost\u0119pno\u015bci&#8221; font_container=&#8221;tag:h1|font_size:52|text_align:left|color:%23ffffff|line_height:0.7em&#8221; text_resize=&#8221;yes&#8221; text_minimum=&#8221;24&#8243; letter_spacing=&#8221;1&#8243; use_theme_fonts=&#8221;yes&#8221;][\/vc_column][\/vc_row][vc_row full_width=&#8221;stretch_row&#8221; css=&#8221;.vc_custom_1645437920299{margin-bottom: 5% !important;padding-top: 60px !important;padding-bottom: -px !important;background-color: #ffffff !important;}&#8221;][vc_column][vc_column_text]<strong>O\u015bwiadczenie w sprawie dost\u0119pno\u015bci<\/strong><\/p>\n<p>Starostwo Powiatowe w Bia\u0142ej Podlaskiej zobowi\u0105zuje si\u0119 zapewni\u0107 dost\u0119pno\u015b\u0107 strony promocyjnej Starostwa Powiatowego w Bia\u0142ej Podlaskiej zgodnie z ustaw\u0105 z dnia 4 kwietnia 2019 r. o dost\u0119pno\u015bci cyfrowej stron internetowych i aplikacji mobilnych podmiot\u00f3w publicznych.<\/p>\n<p>Niniejsze o\u015bwiadczenie w sprawie dost\u0119pno\u015bci ma zastosowanie do strony internetowej <a href=\"https:\/\/slawatycze-domaczewo.powiatbialski.eu\">https:\/\/slawatycze-domaczewo.powiatbialski.eu<\/a><\/p>\n<p>Data publikacji strony internetowej: 2018-11-30.<\/p>\n<p>Data ostatniej istotnej aktualizacji: 2022-02-21<\/p>\n<p><strong>Status pod wzgl\u0119dem zgodno\u015bci<\/strong><\/p>\n<p>Strona promocyjna <a href=\"https:\/\/slawatycze-domaczewo.powiatbialski.eu\">https:\/\/slawatycze-domaczewo.powiatbialski.eu<\/a> jest cz\u0119\u015bciowo zgodna z ustaw\u0105 z dnia 4 kwietnia 2019 r. o dost\u0119pno\u015bci cyfrowej stron internetowych i aplikacji mobilnych podmiot\u00f3w publicznych.<\/p>\n<p><strong>Tre\u015bci niedost\u0119pne<\/strong><\/p>\n<p>Na stronie promocyjnej Starostwa Powiatowego w Bia\u0142ej Podlaskiej s\u0105 zamieszczone dokumenty, kt\u00f3re nie s\u0105 dost\u0119pne cyfrowo.<\/p>\n<ul>\n<li>Serwis zawiera pliki PDF, kt\u00f3re powsta\u0142y poprzez zeskanowanie papierowych dokument\u00f3w bez rozpoznawania tekstu, lub na bazie plik\u00f3w edytowalnych nieprawid\u0142owo sformatowanych.<\/li>\n<li>Cz\u0119\u015b\u0107 plik\u00f3w w formatach edytowalnych nie posiada prawid\u0142owej struktury logicznej (otamowanie), co mo\u017ce utrudniony dost\u0119p do tre\u015bci dokumentu z wykorzystaniem czytnik\u00f3w tekstu.<\/li>\n<li>Nie wszystkie filmy zamieszczone w serwisie posiadaj\u0105 napisy oraz t\u0142umaczenia na j\u0119zyk migowy.<\/li>\n<li>Dokumenty zosta\u0142y opublikowane jeszcze przed wej\u015bciem w \u017cycie ustawy o dost\u0119pno\u015bci cyfrowej i nie s\u0105 wykorzystywane do realizacji bie\u017c\u0105cych zada\u0144.<\/li>\n<li>Nie wszystkie elementy graficzne umieszczone na stronie w tym galerie zdj\u0119\u0107 posiadaj\u0105 opis oraz tekst alternatywny w przypadku braku mo\u017cliwo\u015bci wy\u015bwietlenia zamieszczonej grafiki.<\/li>\n<\/ul>\n<p><strong>Skr\u00f3ty klawiszowe<\/strong><\/p>\n<p>Na stronie internetowej mo\u017cna u\u017cywa\u0107 standardowych skr\u00f3t\u00f3w klawiaturowych dost\u0119pnych w u\u017cywanej przegl\u0105darce.<\/p>\n<p><strong>T\u0142umacz j\u0119zyka migowego<\/strong><\/p>\n<p>Urz\u0105d aktualnie nie posiada t\u0142umacza j\u0119zyka migowego. Osoby uprawnione do korzystania z us\u0142ug t\u0142umacza j\u0119zyka migowego PJM, SJM i SKOGN<\/p>\n<p><strong>Przygotowanie o\u015bwiadczenia w sprawie dost\u0119pno\u015bci<\/strong><\/p>\n<p>Niniejsze o\u015bwiadczenie sporz\u0105dzono dnia: 2022-02-21<\/p>\n<p>Deklaracj\u0119 sporz\u0105dzono na podstawie samooceny przeprowadzonej przez pracownika Starostwa Powiatowego w Bia\u0142ej Podlaskiej<\/p>\n<p><strong>Informacje zwrotne i dane kontaktowe<\/strong><\/p>\n<p>W przypadku problem\u00f3w z dost\u0119pno\u015bci\u0105 strony internetowej prosimy o kontakt. Kontaktowa\u0107 si\u0119 mo\u017cna dzwoni\u0105c na numer telefonu 833416670 oraz pisz\u0105c na adres e-mail: starostwo@powiatbialski.pl. T\u0105 sam\u0105 drog\u0105 mo\u017cna sk\u0142ada\u0107 wnioski o udost\u0119pnienie informacji niedost\u0119pnej oraz sk\u0142ada\u0107 skargi na brak zapewnienia dost\u0119pno\u015bci.<\/p>\n<p><strong>Alternatywny spos\u00f3b dost\u0119pu \/ kontaktu<\/strong><\/p>\n<ul>\n<li>kontakt telefoniczny\n<ul>\n<li>Punk Obs\u0142ugi Klienta \u2013 Biuro Podawcze: 83 351-13-57,<\/li>\n<li>sekretariat: 83 351-13-95;<\/li>\n<\/ul>\n<\/li>\n<li>kontakt e-mailowy: <strong>starostwo@powiatbialski.pl<\/strong><\/li>\n<li>kontakt korespondencyjny:\n<ul>\n<li>Starostwo Powiatowe w Bia\u0142ej Podlaskiej<br \/>\nul. Brzeska 41<br \/>\n21-500 Bia\u0142a Podlaska<\/li>\n<\/ul>\n<\/li>\n<\/ul>\n<p><strong>Post\u0119powanie odwo\u0142awcze<\/strong><\/p>\n<p>Ka\u017cdy ma prawo do wyst\u0105pienia z \u017c\u0105daniem zapewnienia dost\u0119pno\u015bci cyfrowej strony internetowej, aplikacji mobilnej lub jakiego\u015b ich elementu. Mo\u017cna tak\u017ce za\u017c\u0105da\u0107 udost\u0119pnienia informacji w\u00a0formach alternatywnych, na przyk\u0142ad odczytanie niedost\u0119pnego cyfrowo dokumentu, opisania zawarto\u015bci filmu bez audiodeskrypcji itp. \u017b\u0105danie powinno zawiera\u0107 dane osoby zg\u0142aszaj\u0105cej \u017c\u0105danie, wskazanie, o kt\u00f3r\u0105 stron\u0119 internetow\u0105 lub aplikacj\u0119 mobiln\u0105 chodzi oraz spos\u00f3b kontaktu. Je\u017celi osoba \u017c\u0105daj\u0105ca zg\u0142asza potrzeb\u0119 otrzymania informacji w formie alternatywnej, powinna tak\u017ce okre\u015bli\u0107 form\u0119 tej informacji.<\/p>\n<p>Podmiot publiczny powinien zrealizowa\u0107 \u017c\u0105danie niezw\u0142ocznie i nie p\u00f3\u017aniej, ni\u017c w ci\u0105gu 7 dni. Je\u017celi dotrzymanie tego terminu nie jest mo\u017cliwe, podmiot publiczny niezw\u0142ocznie informuje o tym, kiedy realizacja \u017c\u0105dania b\u0119dzie mo\u017cliwa, przy czym termin ten nie mo\u017ce by\u0107 d\u0142u\u017cszy ni\u017c 2 miesi\u0105ce. Je\u017celi zapewnienie dost\u0119pno\u015bci nie jest mo\u017cliwe, podmiot publiczny mo\u017ce zaproponowa\u0107 alternatywny spos\u00f3b dost\u0119pu do informacji.<\/p>\n<p>W przypadku, gdy podmiot odm\u00f3wi realizacji \u017c\u0105dania zapewnienia dost\u0119pno\u015bci lub alternatywnego dost\u0119pu do informacji, mo\u017cna z\u0142o\u017cy\u0107 skarg\u0119 na takie dzia\u0142anie.<\/p>\n<p>Po wyczerpaniu wszystkich mo\u017cliwo\u015bci skarg\u0119 mo\u017cna przes\u0142a\u0107 tak\u017ce do Rzecznika Praw Obywatelskich<\/p>\n<p><strong>Dost\u0119pno\u015b\u0107 architektoniczna<\/strong><\/p>\n<p>Starostwo Powiatowe w Bia\u0142ej Podlaskiej znajduje si\u0119 w trzech budynkach na terenie Powiatu Bialskiego pod adresami:<\/p>\n<p>Siedziba \u2013 Bia\u0142a Podlaska, ul. Brzeska 41, 21-500 Bia\u0142a Podlaska<\/p>\n<p>Oddzia\u0142y:<\/p>\n<ul>\n<li>Mi\u0119dzyrzec Podlaski, ul. Warszawska 30\/32, 21-560 Mi\u0119dzyrzec Podlaski,<\/li>\n<li>Terespol, ul. Wojska Polskiego 130, 21-550 Terespol<\/li>\n<\/ul>\n<p><strong>Wej\u015bcie do siedziby urz\u0119du<\/strong> jest mo\u017cliwe od ul. Brzeskiej chodnikiem prowadz\u0105cym bezpo\u015brednio do g\u0142\u00f3wnego wej\u015bcia oraz bezpo\u015brednio z\u00a0og\u00f3lnodost\u0119pnego parkingu usytuowanego po przeciwnej stronie budynku na kt\u00f3ry wjazd znajduje si\u0119 od ul. Narutowicza. Przy wej\u015bciu g\u0142\u00f3wnym od ul. Brzeskiej znajduje si\u0119 podjazd umo\u017cliwiaj\u0105cy dostanie si\u0119 do urz\u0119du os\u00f3b poruszaj\u0105cych si\u0119 na w\u00f3zkach inwalidzkich. W bezpo\u015brednim s\u0105siedztwie podjazdu znajduj\u0105 si\u0119 2 miejsca parkingowe dla Os\u00f3b z\u00a0niepe\u0142nosprawno\u015bci\u0105. Dojazd do ww. miejsc parkingowych mo\u017cliwy jest od ul. Narutowicza pomi\u0119dzy zamkni\u0119tym parkingiem urz\u0119du a parkingiem przy ko\u015bciele znajduj\u0105cym si\u0119 obok budynku urz\u0119du. Wewn\u0105trz budynku mo\u017cna porusza\u0107 si\u0119 z wykorzystaniem klatek schodowych oraz dw\u00f3ch wind osobowych, kt\u00f3re znajduj\u0105 si\u0119 w\u00a0bezpo\u015brednim s\u0105siedztwie g\u0142\u00f3wnego wej\u015bcia do budynku. Na parterze w\u00a0s\u0105siedztwie portierni zlokalizowana jest toaleta przystosowana dla os\u00f3b z\u00a0niepe\u0142nosprawno\u015bci\u0105 ruchu poruszaj\u0105cych si\u0119 na w\u00f3zku inwalidzkim. Pomieszczenia urz\u0119du s\u0105 wyposa\u017cone w drzwi o szeroko\u015bci 80 cm.<\/p>\n<p><strong>Oddzia\u0142 zamiejscowy w Mi\u0119dzyrzecu Podlaskim<\/strong> mie\u015bci si\u0119 na parterze budynku. Przy wej\u015bciu do budynku znajduje si\u0119 podjazd umo\u017cliwiaj\u0105cy dostanie si\u0119 osobom poruszaj\u0105cym si\u0119 na w\u00f3zku inwalidzkim do budynku. Wszystkie pomieszczenia s\u0105 dost\u0119pne bezpo\u015brednio z korytarza. Pomieszczenia urz\u0119du s\u0105 wyposa\u017cone w drzwi o szeroko\u015bci 80 cm. Na parkingu zlokalizowanym przy urz\u0119dzie znajduje si\u0119 1 miejsce przeznaczone dla os\u00f3b z\u00a0niepe\u0142nosprawno\u015bci\u0105.<\/p>\n<p><strong>Oddzia\u0142 zamiejscowy w Terespolu<\/strong> mie\u015bci si\u0119 w\u00a0dwukondygnacyjnym. Pomieszczenia urz\u0119du zlokalizowane s\u0105 na pierwszym pi\u0119trze budynku gdzie dost\u0119p jest mo\u017cliwy wy\u0142\u0105cznie z\u00a0wykorzystaniem klatki schodowej.[\/vc_column_text][\/vc_column][\/vc_row]<\/p>\n","protected":false},"excerpt":{"rendered":"<p>[vc_row full_width=&#8221;stretch_row&#8221; min_height=&#8221;45&#8243; min_height_units=&#8221;vh&#8221; parallax=&#8221;cesis_parallax&#8221; parallax_image=&#8221;10147&#8243; content_placement=&#8221;bottom&#8221; overlay=&#8221;rgba(79,87,255,0.17)&#8221; css=&#8221;.vc_custom_1645436320274{padding-top: 60px !important;padding-bottom: 60px !important;background-color: #3a78ff !important;}&#8221;][vc_column width=&#8221;1\/2&#8243; css=&#8221;.vc_custom_1645437598888{border-left-width: 3px !important;padding-top: 5% !important;padding-right: 5% !important;padding-bottom: 5% !important;padding-left: 5% !important;background-color: rgba(0,0,0,0.32) !important;*background-color: rgb(0,0,0) !important;border-left-color: #1e73be !important;border-left-style: solid !important;}&#8221;][vc_custom_heading text=&#8221;Deklaracja dost\u0119pno\u015bci&#8221; font_container=&#8221;tag:h1|font_size:52|text_align:left|color:%23ffffff|line_height:0.7em&#8221; text_resize=&#8221;yes&#8221; text_minimum=&#8221;24&#8243; letter_spacing=&#8221;1&#8243; use_theme_fonts=&#8221;yes&#8221;][\/vc_column][\/vc_row][vc_row full_width=&#8221;stretch_row&#8221; css=&#8221;.vc_custom_1645437920299{margin-bottom: 5% !important;padding-top: 60px !important;padding-bottom: -px !important;background-color: #ffffff !important;}&#8221;][vc_column][vc_column_text]O\u015bwiadczenie w sprawie dost\u0119pno\u015bci [&hellip;]<\/p>\n","protected":false},"author":1,"featured_media":0,"parent":0,"menu_order":0,"comment_status":"closed","ping_status":"closed","template":"","meta":{"footnotes":""},"class_list":["post-10952","page","type-page","status-publish","hentry"],"_links":{"self":[{"href":"https:\/\/slawatycze-domaczewo.powiatbialski.eu\/index.php?rest_route=\/wp\/v2\/pages\/10952","targetHints":{"allow":["GET"]}}],"collection":[{"href":"https:\/\/slawatycze-domaczewo.powiatbialski.eu\/index.php?rest_route=\/wp\/v2\/pages"}],"about":[{"href":"https:\/\/slawatycze-domaczewo.powiatbialski.eu\/index.php?rest_route=\/wp\/v2\/types\/page"}],"author":[{"embeddable":true,"href":"https:\/\/slawatycze-domaczewo.powiatbialski.eu\/index.php?rest_route=\/wp\/v2\/users\/1"}],"replies":[{"embeddable":true,"href":"https:\/\/slawatycze-domaczewo.powiatbialski.eu\/index.php?rest_route=%2Fwp%2Fv2%2Fcomments&post=10952"}],"version-history":[{"count":3,"href":"https:\/\/slawatycze-domaczewo.powiatbialski.eu\/index.php?rest_route=\/wp\/v2\/pages\/10952\/revisions"}],"predecessor-version":[{"id":10961,"href":"https:\/\/slawatycze-domaczewo.powiatbialski.eu\/index.php?rest_route=\/wp\/v2\/pages\/10952\/revisions\/10961"}],"wp:attachment":[{"href":"https:\/\/slawatycze-domaczewo.powiatbialski.eu\/index.php?rest_route=%2Fwp%2Fv2%2Fmedia&parent=10952"}],"curies":[{"name":"wp","href":"https:\/\/api.w.org\/{rel}","templated":true}]}}