{"id":10958,"date":"2022-02-21T10:53:44","date_gmt":"2022-02-21T10:53:44","guid":{"rendered":"http:\/\/slawatycze-domaczewo.pl\/?page_id=10958"},"modified":"2022-02-21T10:53:48","modified_gmt":"2022-02-21T10:53:48","slug":"aplikacja-mobilna","status":"publish","type":"page","link":"https:\/\/slawatycze-domaczewo.powiatbialski.eu\/?page_id=10958","title":{"rendered":"Aplikacja mobilna"},"content":{"rendered":"<p>[vc_row full_width=&#8221;stretch_row&#8221; min_height=&#8221;45&#8243; min_height_units=&#8221;vh&#8221; parallax=&#8221;cesis_parallax&#8221; parallax_image=&#8221;10147&#8243; content_placement=&#8221;bottom&#8221; overlay=&#8221;rgba(79,87,255,0.17)&#8221; css=&#8221;.vc_custom_1645439224633{padding-top: 60px !important;padding-bottom: 60px !important;background-color: #3a78ff !important;}&#8221;][vc_column width=&#8221;1\/2&#8243; css=&#8221;.vc_custom_1645439579656{border-left-width: 3px !important;padding-top: 5% !important;padding-right: 5% !important;padding-bottom: 5% !important;padding-left: 5% !important;background-color: rgba(0,0,0,0.32) !important;*background-color: rgb(0,0,0) !important;border-left-color: #1e73be !important;border-left-style: solid !important;}&#8221;][vc_custom_heading text=&#8221;Aplikacja mobilna&#8221; font_container=&#8221;tag:h1|font_size:52|text_align:left|color:%23ffffff|line_height:0.7em&#8221; text_resize=&#8221;yes&#8221; text_minimum=&#8221;24&#8243; letter_spacing=&#8221;1&#8243; use_theme_fonts=&#8221;yes&#8221;][\/vc_column][\/vc_row][vc_row full_width=&#8221;stretch_row&#8221; css=&#8221;.vc_custom_1645440462721{margin-bottom: 5% !important;padding-top: 60px !important;padding-bottom: -px !important;background-color: #ffffff !important;}&#8221;][vc_column width=&#8221;1\/2&#8243; css=&#8221;.vc_custom_1645440317632{padding-top: 20px !important;padding-bottom: 20px !important;}&#8221;][vc_custom_heading text=&#8221;Aplikacja mobilna&#8221; font_container=&#8221;tag:h2|font_size:34|text_align:left|line_height:normal&#8221; text_resize=&#8221;yes&#8221; text_minimum=&#8221;24&#8243; use_theme_fonts=&#8221;yes&#8221; css=&#8221;.vc_custom_1645439941104{margin-bottom: 25px !important;}&#8221;][cesis_line_divider pos=&#8221;cesis_line_d_left&#8221; color=&#8221;#5caffd&#8221; margin_bottom=&#8221;22&#8243;][vc_column_text]<\/p>\n<p class=\"vc_custom_heading cesis_text_transform_none\">Zach\u0119camy do pobrania Aplikacji mobilnej stworzonej dla kierowc\u00f3w chc\u0105cych przekroczy\u0107 granic\u0119 polsko-bia\u0142orusk\u0105 oraz zapozna\u0107 si\u0119 z obowi\u0105zuj\u0105cymi przepisami prawnymi.<\/p>\n<p>[\/vc_column_text][cesis_icon_box link=&#8221;https:\/\/play.google.com\/store\/apps\/details?id=pl.studiospektrum.app.androidoverview&#038;hl=pl&#8221; heading=&#8221;Slawatycze-Domaczewo&#8221; text=&#8221;Aplikacja do pobrania ze sklepu Google Play&#8221; g_box_separator=&#8221;&#8221; g_icon_separator=&#8221;&#8221; icon=&#8221;fa-share6&#8243; g_heading_separator=&#8221;&#8221; g_text_separator=&#8221;&#8221; g_button_separator=&#8221;&#8221; g_module_separator=&#8221;&#8221; c_box_separator=&#8221;&#8221; c_icon_separator=&#8221;&#8221; c_heading_separator=&#8221;&#8221; c_text_separator=&#8221;&#8221; t_heading_separator=&#8221;&#8221; t_text_separator=&#8221;&#8221;][\/cesis_icon_box][\/vc_column][\/vc_row]<\/p>\n","protected":false},"excerpt":{"rendered":"<p>[vc_row full_width=&#8221;stretch_row&#8221; min_height=&#8221;45&#8243; min_height_units=&#8221;vh&#8221; parallax=&#8221;cesis_parallax&#8221; parallax_image=&#8221;10147&#8243; content_placement=&#8221;bottom&#8221; overlay=&#8221;rgba(79,87,255,0.17)&#8221; css=&#8221;.vc_custom_1645439224633{padding-top: 60px !important;padding-bottom: 60px !important;background-color: #3a78ff !important;}&#8221;][vc_column width=&#8221;1\/2&#8243; css=&#8221;.vc_custom_1645439579656{border-left-width: 3px !important;padding-top: 5% !important;padding-right: 5% !important;padding-bottom: 5% !important;padding-left: 5% !important;background-color: rgba(0,0,0,0.32) !important;*background-color: rgb(0,0,0) !important;border-left-color: #1e73be !important;border-left-style: solid !important;}&#8221;][vc_custom_heading text=&#8221;Aplikacja mobilna&#8221; font_container=&#8221;tag:h1|font_size:52|text_align:left|color:%23ffffff|line_height:0.7em&#8221; text_resize=&#8221;yes&#8221; text_minimum=&#8221;24&#8243; letter_spacing=&#8221;1&#8243; use_theme_fonts=&#8221;yes&#8221;][\/vc_column][\/vc_row][vc_row full_width=&#8221;stretch_row&#8221; css=&#8221;.vc_custom_1645440462721{margin-bottom: 5% !important;padding-top: 60px !important;padding-bottom: -px !important;background-color: #ffffff !important;}&#8221;][vc_column width=&#8221;1\/2&#8243; css=&#8221;.vc_custom_1645440317632{padding-top: 20px [&hellip;]<\/p>\n","protected":false},"author":1,"featured_media":0,"parent":0,"menu_order":0,"comment_status":"closed","ping_status":"closed","template":"","meta":{"footnotes":""},"class_list":["post-10958","page","type-page","status-publish","hentry"],"_links":{"self":[{"href":"https:\/\/slawatycze-domaczewo.powiatbialski.eu\/index.php?rest_route=\/wp\/v2\/pages\/10958","targetHints":{"allow":["GET"]}}],"collection":[{"href":"https:\/\/slawatycze-domaczewo.powiatbialski.eu\/index.php?rest_route=\/wp\/v2\/pages"}],"about":[{"href":"https:\/\/slawatycze-domaczewo.powiatbialski.eu\/index.php?rest_route=\/wp\/v2\/types\/page"}],"author":[{"embeddable":true,"href":"https:\/\/slawatycze-domaczewo.powiatbialski.eu\/index.php?rest_route=\/wp\/v2\/users\/1"}],"replies":[{"embeddable":true,"href":"https:\/\/slawatycze-domaczewo.powiatbialski.eu\/index.php?rest_route=%2Fwp%2Fv2%2Fcomments&post=10958"}],"version-history":[{"count":1,"href":"https:\/\/slawatycze-domaczewo.powiatbialski.eu\/index.php?rest_route=\/wp\/v2\/pages\/10958\/revisions"}],"predecessor-version":[{"id":10959,"href":"https:\/\/slawatycze-domaczewo.powiatbialski.eu\/index.php?rest_route=\/wp\/v2\/pages\/10958\/revisions\/10959"}],"wp:attachment":[{"href":"https:\/\/slawatycze-domaczewo.powiatbialski.eu\/index.php?rest_route=%2Fwp%2Fv2%2Fmedia&parent=10958"}],"curies":[{"name":"wp","href":"https:\/\/api.w.org\/{rel}","templated":true}]}}