{"id":8099,"date":"2017-10-22T11:45:13","date_gmt":"2017-10-22T11:45:13","guid":{"rendered":"http:\/\/cesis.co\/?page_id=8099"},"modified":"2021-02-24T11:11:19","modified_gmt":"2021-02-24T11:11:19","slug":"oprojekcie","status":"publish","type":"page","link":"https:\/\/slawatycze-domaczewo.powiatbialski.eu\/?page_id=8099","title":{"rendered":"O PROJEKCIE"},"content":{"rendered":"<p>[vc_row full_width=&#8221;stretch_row&#8221; min_height=&#8221;45&#8243; min_height_units=&#8221;vh&#8221; parallax=&#8221;cesis_parallax&#8221; parallax_image=&#8221;10147&#8243; content_placement=&#8221;bottom&#8221; css=&#8221;.vc_custom_1587298552733{padding-top: 60px !important;padding-bottom: 60px !important;background-color: #3a78ff !important;}&#8221; overlay=&#8221;rgba(79,87,255,0.17)&#8221;][vc_column width=&#8221;1\/2&#8243; css=&#8221;.vc_custom_1518976360014{border-left-width: 3px !important;padding-top: 5% !important;padding-right: 5% !important;padding-bottom: 5% !important;padding-left: 5% !important;background-color: rgba(0,0,0,0.32) !important;*background-color: rgb(0,0,0) !important;border-left-color: #1e73be !important;border-left-style: solid !important;}&#8221;][vc_custom_heading text=&#8221;O projekcie&#8221; font_container=&#8221;tag:h1|font_size:52|text_align:left|color:%23ffffff|line_height:0.7em&#8221; text_resize=&#8221;yes&#8221; text_minimum=&#8221;24&#8243; letter_spacing=&#8221;1&#8243; use_theme_fonts=&#8221;yes&#8221;][\/vc_column][vc_column width=&#8221;1\/2&#8243;][\/vc_column][\/vc_row][vc_row full_width=&#8221;stretch_row&#8221; css=&#8221;.vc_custom_1586940267462{margin-bottom: 5% !important;padding-top: 60px !important;padding-bottom: -px !important;background-color: #ffffff !important;}&#8221;][vc_column width=&#8221;1\/2&#8243; css=&#8221;.vc_custom_1508666435731{padding-top: 20px !important;padding-bottom: 20px !important;}&#8221;][vc_custom_heading text=&#8221;O Projekcie&#8221; font_container=&#8221;tag:h2|font_size:34|text_align:left|line_height:normal&#8221; text_resize=&#8221;yes&#8221; text_minimum=&#8221;24&#8243; use_theme_fonts=&#8221;yes&#8221; css=&#8221;.vc_custom_1586873397287{margin-bottom: 25px !important;}&#8221;][cesis_line_divider pos=&#8221;cesis_line_d_left&#8221; width=&#8221;140&#8243; color=&#8221;#5caffd&#8221; margin_bottom=&#8221;22&#8243;][vc_column_text css=&#8221;.vc_custom_1586940241951{margin-top: 5% !important;margin-bottom: 15px !important;}&#8221;]Powiat bialski, jako beneficjent wiod\u0105cy, realizuje w partnerstwie z bia\u0142oruskim przedsi\u0119biorstwem \u201eBriestobldrostroj\u201d projekt pn. \u201ePoprawa dost\u0119pno\u015bci powiatu bialskiego i rejonu brzeskiego dzi\u0119ki budowie i przebudowie infrastruktury komunikacyjnej prowadz\u0105cej do przej\u015bcia granicznego S\u0142awatycze \u2013 Domaczewo\u201d, wsp\u00f3\u0142finansowany z funduszy Unii Europejskiej w ramach Programu Wsp\u00f3\u0142pracy Transgranicznej Polska-Bia\u0142oru\u015b-Ukraina 2014-2020.[\/vc_column_text][\/vc_column][vc_column width=&#8221;1\/2&#8243; css=&#8221;.vc_custom_1586938889492{margin-top: 10% !important;padding-top: 20px !important;padding-bottom: 20px !important;}&#8221;][vc_single_image image=&#8221;10247&#8243; img_size=&#8221;570&#215;228&#8243;][\/vc_column][\/vc_row][vc_row full_width=&#8221;stretch_row&#8221; full_height=&#8221;yes&#8221; min_height=&#8221;400&#8243; parallax=&#8221;content-moving&#8221; parallax_image=&#8221;10045&#8243;][vc_column][vc_custom_heading text=&#8221;Cel projektu&#8221; font_container=&#8221;tag:h2|font_size:34|text_align:center|color:%23ffffff|line_height:1.2em&#8221; text_resize=&#8221;yes&#8221; text_minimum=&#8221;24&#8243; use_theme_fonts=&#8221;yes&#8221; css=&#8221;.vc_custom_1586873251221{margin-bottom: 25px !important;}&#8221;][vc_column_text max_width=&#8221;780px&#8221; text_ctn_pos=&#8221;cesis_line_d_center&#8221; css=&#8221;.vc_custom_1587297194774{margin-bottom: 55px !important;}&#8221; font_color=&#8221;#ffffff&#8221;]<\/p>\n<p style=\"text-align: center;\">G\u0142\u00f3wnym celem projektu jest usprawnienie dost\u0119pno\u015bci do infrastruktury transportowej w Powiecie Bialskim oraz Rejonie Brzeskim poprzez modernizacj\u0119 infrastruktury dr\u00f3g prowadz\u0105cych do przej\u015bcia granicznego<\/p>\n<p style=\"text-align: center;\"><strong>S\u0142awatycze \u2013 Domaczewo. <\/strong><\/p>\n<p>[\/vc_column_text][\/vc_column][\/vc_row][vc_row full_width=&#8221;stretch_row&#8221; equal_height=&#8221;yes&#8221; content_placement=&#8221;middle&#8221;][vc_column width=&#8221;1\/2&#8243; css=&#8221;.vc_custom_1508673884932{padding-top: 10vh !important;padding-right: 10vh !important;padding-bottom: 10vh !important;padding-left: 10vh !important;}&#8221;][vc_custom_heading text=&#8221;Przebudowa drogi&#8221; font_container=&#8221;tag:h3|font_size:34|text_align:left|line_height:1.2em&#8221; text_resize=&#8221;yes&#8221; text_minimum=&#8221;24&#8243; use_theme_fonts=&#8221;yes&#8221; css=&#8221;.vc_custom_1586873499334{margin-bottom: 25px !important;}&#8221;][vc_column_text css=&#8221;.vc_custom_1586876144396{margin-bottom: 35px !important;}&#8221;]Realizacja projektu u\u0142atwi komunikacj\u0119 spo\u0142eczno\u015bci polskiej i bia\u0142oruskiej z Powiatu Bialskiego i Rejonu Brzeskiego. Przyczyni si\u0119 do zwi\u0119kszenia komfortu podr\u00f3\u017cy oraz skr\u00f3cenia czasu przejazdu s\u0142u\u017cb ratunkowych i pozosta\u0142ych pojazd\u00f3w.[\/vc_column_text][\/vc_column][vc_column width=&#8221;1\/2&#8243;][cesis_progress_bar style=&#8221;cesis_pb_7&#8243; values=&#8221;%5B%7B%22label%22%3A%22droga%20powiatowa%20Nr%201051L%20Zalesie%20%E2%80%93%20Choty%C5%82%C3%B3w%20%E2%80%93%20Piszczac%20%E2%80%93%20Tuczna%20%E2%80%93%20S%C5%82awatycze%22%2C%22value%22%3A%224.4%22%2C%22color%22%3A%22%233a78ff%22%2C%22color_two%22%3A%22%233a78ff%22%2C%22ctn_color%22%3A%22%23ffffff%22%2C%22txtcolor%22%3A%22%23333333%22%7D%2C%7B%22label%22%3A%22droga%20lokalna%20N-424%20po%20stronie%20bia%C5%82oruskiej%20Malorita-Miedno-Znamienka%22%2C%22value%22%3A%225.1%22%2C%22color%22%3A%22%233a78ff%22%2C%22color_two%22%3A%22%233a78ff%22%2C%22txtcolor%22%3A%22%23333333%22%7D%5D&#8221; units=&#8221;km&#8221; margin_top=&#8221;19&#8243;][\/vc_column][\/vc_row][vc_row full_width=&#8221;stretch_row&#8221; full_height=&#8221;yes&#8221; parallax=&#8221;cesis_parallax&#8221; parallax_image=&#8221;10325&#8243; cesis_parallax_speed=&#8221;1.3&#8243; css=&#8221;.vc_custom_1587297392449{padding-top: 80px !important;padding-bottom: 80px !important;background-color: #200555 !important;}&#8221;][vc_column][vc_custom_heading text=&#8221;Zakup sprz\u0119tu&#8221; font_container=&#8221;tag:h3|font_size:34|text_align:center|color:%23ffffff|line_height:1.2em&#8221; text_resize=&#8221;yes&#8221; text_minimum=&#8221;24&#8243; use_theme_fonts=&#8221;yes&#8221; css=&#8221;.vc_custom_1586879562662{margin-bottom: 25px !important;}&#8221;][vc_column_text max_width=&#8221;780px&#8221; text_ctn_pos=&#8221;cesis_line_d_center&#8221; css=&#8221;.vc_custom_1586940530592{margin-bottom: 70px !important;}&#8221; font_color=&#8221;#ffffff&#8221;]<\/p>\n<p style=\"text-align: center;\">Zakupiony w ramach projektu sprz\u0119t przeznaczony b\u0119dzie do zimowego i letniego utrzymania dr\u00f3g. Organizowane po obydwu stronach granicy szkolenia i konferencje przyczyni\u0105 si\u0119 do powstania wsp\u00f3lnej platformy wymiany do\u015bwiadcze\u0144, wiedzy z zakresu zarz\u0105dzania<br \/>\ni utrzymywania infrastruktury drogowej.<\/p>\n<p>[\/vc_column_text][cesis_gallery type=&#8221;isotope_masonry&#8221; images=&#8221;9982,9981,9980,9979,9978,10006,10005,10004,10003,9999&#8243; img_size=&#8221;medium&#8221; effect=&#8221;cesis_effect_zoomIn&#8221; col=&#8221;4&#8243;][\/vc_column][\/vc_row][vc_row full_width=&#8221;stretch_row&#8221; css=&#8221;.vc_custom_1508669516237{padding-top: 80px !important;padding-bottom: 80px !important;}&#8221;][vc_column][vc_custom_heading text=&#8221;Cele szczeg\u00f3\u0142owe projektu&#8221; font_container=&#8221;tag:h2|font_size:34|text_align:center|line_height:1.2em&#8221; text_resize=&#8221;yes&#8221; text_minimum=&#8221;24&#8243; use_theme_fonts=&#8221;yes&#8221;][\/vc_column][\/vc_row][vc_row css=&#8221;.vc_custom_1586935882077{padding-bottom: 80px !important;}&#8221;][vc_column width=&#8221;1\/3&#8243;][cesis_icon_paragraph i_size=&#8221;30&#8243; use_shape=&#8221;yes&#8221; i_bg_size=&#8221;100&#8243; i_b_size=&#8221;1&#8243; position=&#8221;i_top&#8221; i_space=&#8221;30&#8243; heading=&#8221;Zwi\u0119kszenie jako\u015bci&#8221; heading_space=&#8221;12&#8243; text=&#8221;infrastruktury drogowej w Powiecie Bialskim i Rejonie Brzeskim&#8221; text_space=&#8221;0&#8243; css_animation=&#8221;fadeInUp&#8221; margin_top=&#8221;20&#8243; margin_bottom=&#8221;20&#8243; icon_bg_color=&#8221;#85cc4e&#8221; icon_border_color=&#8221;#81d742&#8243; h_icon_color=&#8221;#ffffff&#8221; h_icon_bg_color=&#8221;#3a78ff&#8221; h_icon_border_color=&#8221;#3a78ff&#8221; heading_f_weight=&#8221;900&#8243; heading_l_height=&#8221;normal&#8221; heading_l_spacing=&#8221;1&#8243; text_f_size=&#8221;15px&#8221; icon=&#8221;fa-signal&#8221;][\/cesis_icon_paragraph][\/vc_column][vc_column width=&#8221;1\/3&#8243;][cesis_icon_paragraph i_size=&#8221;30&#8243; use_shape=&#8221;yes&#8221; i_bg_size=&#8221;100&#8243; i_b_size=&#8221;1&#8243; position=&#8221;i_top&#8221; i_space=&#8221;30&#8243; heading=&#8221;Zwi\u0119kszenie bezpiecze\u0144stwa&#8221; heading_space=&#8221;12&#8243; text=&#8221;poprawa jako\u015bci podr\u00f3\u017cowania oraz redukcja emisji CO2 w Powiecie Bialskim i Rejonie Brzeskim&#8221; text_space=&#8221;0&#8243; css_animation=&#8221;fadeInUp&#8221; margin_top=&#8221;20&#8243; margin_bottom=&#8221;20&#8243; icon_bg_color=&#8221;#85cc4e&#8221; icon_border_color=&#8221;#81d742&#8243; h_icon_color=&#8221;#ffffff&#8221; h_icon_bg_color=&#8221;#3a78ff&#8221; h_icon_border_color=&#8221;#3a78ff&#8221; heading_f_weight=&#8221;900&#8243; heading_l_height=&#8221;normal&#8221; heading_l_spacing=&#8221;1&#8243; text_f_size=&#8221;15px&#8221; icon=&#8221;fa-car&#8221;][\/cesis_icon_paragraph][\/vc_column][vc_column width=&#8221;1\/3&#8243;][cesis_icon_paragraph i_size=&#8221;30&#8243; use_shape=&#8221;yes&#8221; i_bg_size=&#8221;100&#8243; i_b_size=&#8221;1&#8243; position=&#8221;i_top&#8221; i_space=&#8221;30&#8243; heading=&#8221;Wzmocnienie kompetencji&#8221; heading_space=&#8221;12&#8243; text=&#8221;os\u00f3b odpowiedzialnych za zarz\u0105dzanie infrastruktur\u0105 drogow\u0105 poprzez wsp\u00f3\u0142prac\u0119 transgraniczn\u0105 oraz wymian\u0119 dobrych praktyk&#8221; text_space=&#8221;0&#8243; css_animation=&#8221;fadeInUp&#8221; margin_top=&#8221;20&#8243; margin_bottom=&#8221;20&#8243; icon_bg_color=&#8221;#85cc4e&#8221; icon_border_color=&#8221;#81d742&#8243; h_icon_color=&#8221;#ffffff&#8221; h_icon_bg_color=&#8221;#3a78ff&#8221; h_icon_border_color=&#8221;#3a78ff&#8221; heading_f_weight=&#8221;900&#8243; heading_l_height=&#8221;normal&#8221; heading_l_spacing=&#8221;1&#8243; text_f_size=&#8221;15px&#8221; icon=&#8221;fa-buddies&#8221;][\/cesis_icon_paragraph][\/vc_column][\/vc_row][vc_row full_width=&#8221;stretch_row_content_no_spaces&#8221; min_height=&#8221;400&#8243; parallax=&#8221;cesis_parallax&#8221; parallax_image=&#8221;10327&#8243; cesis_parallax_speed=&#8221;1.3&#8243; content_placement=&#8221;middle&#8221; css=&#8221;.vc_custom_1587297867130{padding-top: 80px !important;padding-bottom: 80px !important;background-color: #200555 !important;}&#8221;][vc_column el_class=&#8221;cesis_align_a_center&#8221;][vc_custom_heading text=&#8221;Dofinansowanie Unii Europejskiej&#8221; font_container=&#8221;tag:h3|font_size:40|text_align:center|color:%23ffffff|line_height:1.2em&#8221; text_resize=&#8221;yes&#8221; text_minimum=&#8221;28&#8243; use_theme_fonts=&#8221;yes&#8221; css_animation=&#8221;fadeIn&#8221; delay=&#8221;100&#8243; css=&#8221;.vc_custom_1586942143345{margin-bottom: 2% !important;}&#8221;][vc_custom_heading text=&#8221;Projekt wsp\u00f3\u0142finansowany jest z Programu Polska-Bia\u0142oru\u015b-Ukraina 2014-2020, kt\u00f3ry dzia\u0142a w ramach Europejskiego Instrumentu S\u0105siedztwa (EIS). EIS wspiera zr\u00f3wnowa\u017cony rozw\u00f3j wzd\u0142u\u017c zewn\u0119trznych granic Unii Europejskiej, pomaga zmniejsza\u0107 r\u00f3\u017cnice w standardach \u017cycia i rozwi\u0105zywa\u0107 wsp\u00f3lne transgraniczne wyzwania.&#8221; font_container=&#8221;tag:p|font_size:18|text_align:center|color:%23ffffff|line_height:1.2em&#8221; google_fonts=&#8221;font_family:Roboto%20Slab%3A100%2C300%2Cregular%2C700|font_style:400%20regular%3A400%3Anormal&#8221; css_animation=&#8221;fadeIn&#8221; delay=&#8221;300&#8243; css=&#8221;.vc_custom_1587297893829{margin-right: 20% !important;margin-left: 20% !important;}&#8221;][vc_single_image image=&#8221;10028&#8243; img_size=&#8221;&#8221; alignment=&#8221;center&#8221; css=&#8221;.vc_custom_1586884086929{margin-top: 5% !important;}&#8221;][\/vc_column][\/vc_row][vc_row full_width=&#8221;stretch_row&#8221; css=&#8221;.vc_custom_1508669516237{padding-top: 80px !important;padding-bottom: 80px !important;}&#8221;][vc_column][vc_custom_heading text=&#8221;Planowane rezultaty projektu&#8221; font_container=&#8221;tag:h2|font_size:34|text_align:left|line_height:1.2em&#8221; text_resize=&#8221;yes&#8221; text_minimum=&#8221;24&#8243; use_theme_fonts=&#8221;yes&#8221; css=&#8221;.vc_custom_1586883425338{margin-bottom: 25px !important;}&#8221;][cesis_icon_list style=&#8221;cesis_il_2&#8243; space=&#8221;10&#8243; margin_top=&#8221;45&#8243; margin_bottom=&#8221;50&#8243; icon_color=&#8221;#ffffff&#8221; icon_bg_color=&#8221;#85cc4e&#8221; h_icon_color=&#8221;#ffffff&#8221; h_icon_bg_color=&#8221;#3d72ff&#8221; h_f_size=&#8221;20px&#8221; h_l_height=&#8221;0px&#8221; h_t_transform=&#8221;none&#8221; t_f_size=&#8221;18px&#8221; values=&#8221;%5B%7B%22icon%22%3A%22fa-check%22%2C%22text%22%3A%22D%C5%82ugo%C5%9B%C4%87%20przebudowanych%20lub%20zmodernizowanych%20dr%C3%B3g%20%E2%80%93%209%2C5%20km%3B%22%7D%2C%7B%22icon%22%3A%22fa-check%22%2C%22text%22%3A%22Dwa%20powiaty%20korzystaj%C4%85ce%20ze%20zmodernizowanych%20lub%20stworzonych%20us%C5%82ug%20transportowych%20oraz%20infrastruktury%3B%20%22%7D%2C%7B%22icon%22%3A%22fa-check%22%2C%22text%22%3A%22Partnerstwo%20ustanowione%20w%20celu%20zmodernizowania%20lub%20utworzenia%20przyjaznych%20dla%20%C5%9Brodowiska%20system%C3%B3w%20lub%20us%C5%82ug%20transportowych%3B%22%7D%2C%7B%22icon%22%3A%22fa-check%22%2C%22text%22%3A%22Kampania%20promocyjna%20podnosz%C4%85ca%20%C5%9Bwiadomo%C5%9B%C4%87%20pod%20wzgl%C4%99dem%20transportu%20%20o%20niskiej%20emisji%20dwutlenku%20w%C4%99gla%3B%22%7D%2C%7B%22icon%22%3A%22fa-check%22%2C%22text%22%3A%22Opracowane%20dwie%20strategie%20dotycz%C4%85ce%20usprawnienia%20systemu%20transportu%20lub%20dost%C4%99pno%C5%9Bci%20regionu%20-%20strategie%20b%C4%99d%C4%85%20opracowane%20w%20rezultacie%20przeprowadzonych%20webinari%C3%B3w.%20Strategie%20zostan%C4%85%20ustanowione%20w%20formie%20dokument%C3%B3w%20zatwierdzonych%20przez%20w%C5%82adze%20lokalne%3B%22%7D%2C%7B%22icon%22%3A%22fa-check%22%2C%22text%22%3A%22Zmniejszenie%20czasu%20podr%C3%B3%C5%BCy%20w%20przedmiotowych%20regionach%20z%2011%20do%207%20minut%3B%22%7D%5D&#8221;][\/vc_column][\/vc_row][vc_row full_width=&#8221;stretch_row&#8221; css=&#8221;.vc_custom_1587298916272{background-color: #200555 !important;}&#8221;][vc_column][vc_custom_heading text=&#8221;Okres realizacji projektu&#8221; font_container=&#8221;tag:h3|font_size:34|text_align:center|color:%23ffffff|line_height:1.2em&#8221; text_resize=&#8221;yes&#8221; text_minimum=&#8221;24&#8243; use_theme_fonts=&#8221;yes&#8221; css=&#8221;.vc_custom_1587299253466{margin-top: 40px !important;margin-bottom: 25px !important;}&#8221;][cesis_timeline line_color=&#8221;#ffffff&#8221; f_point_color=&#8221;#ffffff&#8221; point_color=&#8221;#ffffff&#8221; bg_color=&#8221;#ffffff&#8221; events=&#8221;%5B%7B%22type%22%3A%22event%22%2C%22target%22%3A%22_self%22%2C%22i_choice%22%3A%22icon%22%2C%22image_size%22%3A%22100%22%2C%22icon%22%3A%22fa-clock%22%2C%22i_size%22%3A%2240%22%2C%22shape%22%3A%22rounded%22%2C%22i_radius%22%3A%22100%22%2C%22i_bg_size%22%3A%22110%22%2C%22i_b_size%22%3A%220%22%2C%22i_hover%22%3A%22none%22%2C%22i_shadow_type%22%3A%22none%22%2C%22i_shadow_hover%22%3A%22always%22%2C%22position%22%3A%22timeline_i_top%22%2C%22i_space%22%3A%2220%22%2C%22icon_color%22%3A%22%23ffffff%22%2C%22h_icon_color%22%3A%22%23ffffff%22%2C%22heading%22%3A%22Rozpocz%C4%99cie%20projektu%22%2C%22heading_space%22%3A%2220%22%2C%22heading_color%22%3A%22%23ffffff%22%2C%22heading_h_color%22%3A%22%23ffffff%22%2C%22text%22%3A%22Listopad%202018%22%2C%22text_color%22%3A%22%23ffffff%22%2C%22text_h_color%22%3A%22%23ffffff%22%2C%22date%22%3A%222017%22%7D%2C%7B%22type%22%3A%22event%22%2C%22target%22%3A%22_self%22%2C%22i_choice%22%3A%22icon%22%2C%22image_size%22%3A%22100%22%2C%22icon%22%3A%22fa-clock%22%2C%22i_size%22%3A%2240%22%2C%22shape%22%3A%22rounded%22%2C%22i_radius%22%3A%22100%22%2C%22i_bg_size%22%3A%22110%22%2C%22i_b_size%22%3A%220%22%2C%22i_hover%22%3A%22none%22%2C%22i_shadow_type%22%3A%22none%22%2C%22i_shadow_hover%22%3A%22always%22%2C%22position%22%3A%22timeline_i_top%22%2C%22i_space%22%3A%2220%22%2C%22icon_color%22%3A%22%23ffffff%22%2C%22h_icon_color%22%3A%22%23ffffff%22%2C%22heading%22%3A%22Zako%C5%84czenie%20Projektu%22%2C%22heading_space%22%3A%2220%22%2C%22heading_color%22%3A%22%23ffffff%22%2C%22heading_h_color%22%3A%22%23ffffff%22%2C%22text%22%3A%22Grudzie%C5%84%202020%22%2C%22text_color%22%3A%22%23ffffff%22%2C%22text_h_color%22%3A%22%23ffffff%22%2C%22date%22%3A%222017%22%7D%5D&#8221; css_animation=&#8221;fadeIn&#8221; margin_top=&#8221;40&#8243;][\/vc_column][\/vc_row]<\/p>\n","protected":false},"excerpt":{"rendered":"<p>[vc_row full_width=&#8221;stretch_row&#8221; min_height=&#8221;45&#8243; min_height_units=&#8221;vh&#8221; parallax=&#8221;cesis_parallax&#8221; parallax_image=&#8221;10147&#8243; content_placement=&#8221;bottom&#8221; css=&#8221;.vc_custom_1587298552733{padding-top: 60px !important;padding-bottom: 60px !important;background-color: #3a78ff !important;}&#8221; overlay=&#8221;rgba(79,87,255,0.17)&#8221;][vc_column width=&#8221;1\/2&#8243; css=&#8221;.vc_custom_1518976360014{border-left-width: 3px !important;padding-top: 5% !important;padding-right: 5% !important;padding-bottom: 5% !important;padding-left: 5% !important;background-color: rgba(0,0,0,0.32) !important;*background-color: rgb(0,0,0) !important;border-left-color: #1e73be !important;border-left-style: solid !important;}&#8221;][vc_custom_heading text=&#8221;O projekcie&#8221; font_container=&#8221;tag:h1|font_size:52|text_align:left|color:%23ffffff|line_height:0.7em&#8221; text_resize=&#8221;yes&#8221; text_minimum=&#8221;24&#8243; letter_spacing=&#8221;1&#8243; use_theme_fonts=&#8221;yes&#8221;][\/vc_column][vc_column width=&#8221;1\/2&#8243;][\/vc_column][\/vc_row][vc_row full_width=&#8221;stretch_row&#8221; css=&#8221;.vc_custom_1586940267462{margin-bottom: 5% !important;padding-top: 60px !important;padding-bottom: -px !important;background-color: #ffffff !important;}&#8221;][vc_column width=&#8221;1\/2&#8243; css=&#8221;.vc_custom_1508666435731{padding-top: [&hellip;]<\/p>\n","protected":false},"author":1,"featured_media":0,"parent":0,"menu_order":0,"comment_status":"closed","ping_status":"closed","template":"","meta":{"footnotes":""},"class_list":["post-8099","page","type-page","status-publish","hentry"],"_links":{"self":[{"href":"https:\/\/slawatycze-domaczewo.powiatbialski.eu\/index.php?rest_route=\/wp\/v2\/pages\/8099","targetHints":{"allow":["GET"]}}],"collection":[{"href":"https:\/\/slawatycze-domaczewo.powiatbialski.eu\/index.php?rest_route=\/wp\/v2\/pages"}],"about":[{"href":"https:\/\/slawatycze-domaczewo.powiatbialski.eu\/index.php?rest_route=\/wp\/v2\/types\/page"}],"author":[{"embeddable":true,"href":"https:\/\/slawatycze-domaczewo.powiatbialski.eu\/index.php?rest_route=\/wp\/v2\/users\/1"}],"replies":[{"embeddable":true,"href":"https:\/\/slawatycze-domaczewo.powiatbialski.eu\/index.php?rest_route=%2Fwp%2Fv2%2Fcomments&post=8099"}],"version-history":[{"count":0,"href":"https:\/\/slawatycze-domaczewo.powiatbialski.eu\/index.php?rest_route=\/wp\/v2\/pages\/8099\/revisions"}],"wp:attachment":[{"href":"https:\/\/slawatycze-domaczewo.powiatbialski.eu\/index.php?rest_route=%2Fwp%2Fv2%2Fmedia&parent=8099"}],"curies":[{"name":"wp","href":"https:\/\/api.w.org\/{rel}","templated":true}]}}