{"id":8105,"date":"2017-10-22T12:29:43","date_gmt":"2017-10-22T12:29:43","guid":{"rendered":"http:\/\/cesis.co\/?page_id=8105"},"modified":"2020-04-19T15:13:21","modified_gmt":"2020-04-19T15:13:21","slug":"bezpieczenistwowruchudrogowym","status":"publish","type":"page","link":"https:\/\/slawatycze-domaczewo.powiatbialski.eu\/?page_id=8105","title":{"rendered":"Bezpiecze\u0144stwo w ruchu drogowym"},"content":{"rendered":"<p>[vc_row full_width=&#8221;stretch_row&#8221; min_height=&#8221;45&#8243; min_height_units=&#8221;vh&#8221; parallax=&#8221;cesis_parallax&#8221; parallax_image=&#8221;7607&#8243; content_placement=&#8221;bottom&#8221; css=&#8221;.vc_custom_1587061282485{padding-top: 60px !important;padding-bottom: 60px !important;background-color: #3a78ff !important;}&#8221; overlay=&#8221;rgba(79,87,255,0.17)&#8221;][vc_column width=&#8221;2\/3&#8243; css=&#8221;.vc_custom_1518976360014{border-left-width: 3px !important;padding-top: 5% !important;padding-right: 5% !important;padding-bottom: 5% !important;padding-left: 5% !important;background-color: rgba(0,0,0,0.32) !important;*background-color: rgb(0,0,0) !important;border-left-color: #1e73be !important;border-left-style: solid !important;}&#8221;][vc_custom_heading text=&#8221;Bezpiecze\u0144stwo w ruchu drogowym&#8221; font_container=&#8221;tag:h1|font_size:52|text_align:left|color:%23ffffff|line_height:0.8em&#8221; text_resize=&#8221;yes&#8221; text_minimum=&#8221;24&#8243; letter_spacing=&#8221;1&#8243; use_theme_fonts=&#8221;yes&#8221;][vc_column_text css=&#8221;.vc_custom_1587290331356{margin-bottom: 15px !important;}&#8221; font_color=&#8221;#ffffff&#8221;]Przepisy prawa o ruchu drogowy reguluj\u0105 trzy podstawowe zasady bezpiecze\u0144stwa ruchu drogowego, kt\u00f3re stanowi\u0105 ca\u0142y sens i istot\u0119 ka\u017cdego kodeksu drogowego. Niezwykle istotne jest aby wszyscy uczestnicy ruchu drogowego przestrzegali poni\u017cszych zasad.[\/vc_column_text][\/vc_column][vc_column width=&#8221;1\/3&#8243;][vc_single_image image=&#8221;10210&#8243; img_size=&#8221;200&#215;200&#8243; alignment=&#8221;center&#8221; css_animation=&#8221;fadeIn&#8221;][\/vc_column][\/vc_row][vc_row full_width=&#8221;stretch_row&#8221; css=&#8221;.vc_custom_1508675335774{padding-top: 60px !important;padding-bottom: 60px !important;background-position: center !important;background-repeat: no-repeat !important;background-size: cover !important;}&#8221;][vc_column width=&#8221;1\/3&#8243; css=&#8221;.vc_custom_1507268783330{padding-top: 20px !important;padding-bottom: 20px !important;}&#8221;][cesis_icon_box link=&#8221;#1&#8243; box_left=&#8221;40px&#8221; box_right=&#8221;40px&#8221; i_space=&#8221;40&#8243; i_size=&#8221;28&#8243; use_shape=&#8221;yes&#8221; i_bg_size=&#8221;100&#8243; heading=&#8221;zasada pr\u0119dko\u015bci bezpiecznej&#8221; heading_space=&#8221;12&#8243; text=&#8221;&#8221; text_space=&#8221;10&#8243; use_button=&#8221;yes&#8221; button_type=&#8221;text&#8221; button_text=&#8221;szczego\u0142y&#8221; css_animation=&#8221;fadeInUp&#8221; delay=&#8221;150&#8243; icon_bg_color=&#8221;#85cc4e&#8221; icon_border_color=&#8221;#2a2d2e&#8221; h_icon_color=&#8221;#ffffff&#8221; h_icon_bg_color=&#8221;#3a78ff&#8221; h_icon_border_color=&#8221;#3a78ff&#8221; button_text_color=&#8221;#3a78ff&#8221; h_button_text_color=&#8221;#3a78ff&#8221; heading_f_weight=&#8221;900&#8243; heading_l_spacing=&#8221;1&#8243; text_f_size=&#8221;15px&#8221; button_font=&#8221;alt_font&#8221; button_f_size=&#8221;13px&#8221; icon=&#8221;fa-car&#8221;][\/cesis_icon_box][\/vc_column][vc_column width=&#8221;1\/3&#8243; css=&#8221;.vc_custom_1507268793403{padding-top: 20px !important;padding-bottom: 20px !important;}&#8221;][cesis_icon_box link=&#8221;#2&#8243; box_left=&#8221;40px&#8221; box_right=&#8221;40px&#8221; i_space=&#8221;40&#8243; i_size=&#8221;28&#8243; use_shape=&#8221;yes&#8221; i_bg_size=&#8221;100&#8243; heading=&#8221;zasada ostro\u017cno\u015bci&#8221; heading_space=&#8221;12&#8243; text=&#8221;&#8221; text_space=&#8221;10&#8243; use_button=&#8221;yes&#8221; button_type=&#8221;text&#8221; button_text=&#8221;szczeg\u00f3\u0142y&#8221; css_animation=&#8221;fadeInUp&#8221; delay=&#8221;300&#8243; icon_bg_color=&#8221;#85cc4e&#8221; icon_border_color=&#8221;#2a2d2e&#8221; h_icon_color=&#8221;#ffffff&#8221; h_icon_bg_color=&#8221;#3a78ff&#8221; h_icon_border_color=&#8221;#3a78ff&#8221; button_text_color=&#8221;#3a78ff&#8221; h_button_text_color=&#8221;#3a78ff&#8221; heading_f_weight=&#8221;900&#8243; heading_l_spacing=&#8221;1&#8243; text_f_size=&#8221;15px&#8221; button_font=&#8221;alt_font&#8221; button_f_size=&#8221;13px&#8221; icon=&#8221;fa-eye&#8221;][\/cesis_icon_box][\/vc_column][vc_column width=&#8221;1\/3&#8243; css=&#8221;.vc_custom_1507268800154{padding-top: 20px !important;padding-bottom: 20px !important;}&#8221;][cesis_icon_box link=&#8221;#3&#8243; box_left=&#8221;40px&#8221; box_right=&#8221;40px&#8221; i_space=&#8221;40&#8243; i_size=&#8221;28&#8243; use_shape=&#8221;yes&#8221; i_bg_size=&#8221;100&#8243; heading=&#8221;zasada ograniczonego zaufania&#8221; heading_space=&#8221;12&#8243; text=&#8221;&#8221; text_space=&#8221;10&#8243; use_button=&#8221;yes&#8221; button_type=&#8221;text&#8221; button_text=&#8221;szczeg\u00f3\u0142y&#8221; css_animation=&#8221;fadeInUp&#8221; delay=&#8221;550&#8243; icon_color=&#8221;#ffffff&#8221; icon_bg_color=&#8221;#85cc4e&#8221; icon_border_color=&#8221;#2a2d2e&#8221; h_icon_color=&#8221;#ffffff&#8221; h_icon_bg_color=&#8221;#3a78ff&#8221; h_icon_border_color=&#8221;#3a78ff&#8221; button_text_color=&#8221;#3a78ff&#8221; h_button_text_color=&#8221;#3a78ff&#8221; heading_f_weight=&#8221;900&#8243; heading_l_spacing=&#8221;1&#8243; text_f_size=&#8221;15px&#8221; button_font=&#8221;alt_font&#8221; button_f_size=&#8221;13px&#8221; icon=&#8221;fa-man-woman&#8221;][\/cesis_icon_box][\/vc_column][\/vc_row][vc_row full_width=&#8221;stretch_row&#8221; content_placement=&#8221;middle&#8221; css=&#8221;.vc_custom_1587291350441{padding-top: 40px !important;padding-bottom: 40px !important;background-color: #f4f4f4 !important;}&#8221; el_id=&#8221;1&#8243;][vc_column width=&#8221;1\/2&#8243; css=&#8221;.vc_custom_1508676447998{padding-top: 40px !important;padding-bottom: 40px !important;}&#8221;][vc_custom_heading text=&#8221;I zasada bezpiecze\u0144stwa ruchu drogowego&#8221; font_container=&#8221;tag:h3|font_size:18|text_align:left|color:%23999999|line_height:1.2em&#8221; text_transform=&#8221;cesis_text_transform_uppercase&#8221; letter_spacing=&#8221;1&#8243; use_theme_fonts=&#8221;yes&#8221; css=&#8221;.vc_custom_1587287387649{margin-bottom: 5px !important;}&#8221;][vc_custom_heading text=&#8221;zasada pr\u0119dko\u015bci bezpiecznej&#8221; font_container=&#8221;tag:h2|font_size:30|text_align:left|line_height:1.2em&#8221; text_resize=&#8221;yes&#8221; text_minimum=&#8221;24&#8243; text_transform=&#8221;cesis_text_transform_uppercase&#8221; google_fonts=&#8221;font_family:Roboto%3A100%2C100italic%2C300%2C300italic%2Cregular%2Citalic%2C500%2C500italic%2C700%2C700italic%2C900%2C900italic|font_style:700%20bold%20regular%3A700%3Anormal&#8221;][vc_column_text]jed\u017a z tak\u0105 pr\u0119dko\u015bci\u0105, aby\u015b w danych warunkach panowa\u0142 nad pojazdem i m\u00f3g\u0142 go zatrzyma\u0107 w tym miejscu, w kt\u00f3rym ty chcesz, a nie w kt\u00f3rym chcia\u0142by tw\u00f3j samoch\u00f3d.[\/vc_column_text][\/vc_column][vc_column width=&#8221;1\/2&#8243;][vc_single_image image=&#8221;10187&#8243; img_size=&#8221;470&#215;335&#8243; alignment=&#8221;right&#8221; css_animation=&#8221;slideInRight&#8221;][\/vc_column][\/vc_row][vc_row gap=&#8221;15&#8243; content_placement=&#8221;middle&#8221; css=&#8221;.vc_custom_1587291359775{padding-top: 80px !important;padding-bottom: 80px !important;}&#8221; el_id=&#8221;2&#8243;][vc_column width=&#8221;1\/2&#8243;][vc_single_image image=&#8221;10198&#8243; img_size=&#8221;489&#215;471&#8243; css_animation=&#8221;slideInLeft&#8221;][\/vc_column][vc_column width=&#8221;1\/2&#8243; css=&#8221;.vc_custom_1507387023954{padding-top: 40px !important;padding-bottom: 40px !important;}&#8221;][vc_custom_heading text=&#8221;II zasada bezpiecze\u0144stwa ruchu drogowego&#8221; font_container=&#8221;tag:h3|font_size:18|text_align:left|color:%23999999|line_height:1.2em&#8221; text_transform=&#8221;cesis_text_transform_uppercase&#8221; letter_spacing=&#8221;1&#8243; use_theme_fonts=&#8221;yes&#8221; css=&#8221;.vc_custom_1587288994320{margin-bottom: 5px !important;}&#8221;][vc_custom_heading text=&#8221;zasada pr\u0119dko\u015bci bezpiecznej lub szczeg\u00f3lnej ostro\u017cno\u015bci&#8221; font_container=&#8221;tag:h2|font_size:30|text_align:left|line_height:1.2em&#8221; text_resize=&#8221;yes&#8221; text_minimum=&#8221;24&#8243; text_transform=&#8221;cesis_text_transform_uppercase&#8221; google_fonts=&#8221;font_family:Roboto%3A100%2C100italic%2C300%2C300italic%2Cregular%2Citalic%2C500%2C500italic%2C700%2C700italic%2C900%2C900italic|font_style:700%20bold%20regular%3A700%3Anormal&#8221;][vc_column_text css=&#8221;.vc_custom_1587289108274{margin-top: 0px !important;margin-bottom: 35px !important;padding-top: 0px !important;}&#8221;]patrz na drog\u0119, uwa\u017caj na to, co dzieje si\u0119 na drodze, a nie poza ni\u0105, a szczeg\u00f3lnie na skrzy\u017cowaniach, gdzie przecinaj\u0105 si\u0119 kierunki ruchu pojazd\u00f3w i pieszych.<\/p>\n<p><strong>\u201eOstro\u017cno\u015b\u0107\u201d<\/strong> obowi\u0105zuje w ka\u017cdej istniej\u0105cej na drodze sytuacji oraz w przebywaniu w miejscu og\u00f3lnie dost\u0119pnym. Dotyczy wszystkich uczestnik\u00f3w ruchu drogowego oraz innych os\u00f3b przebywaj\u0105cych na drodze lub w jej pobli\u017cu.<\/p>\n<p><strong>\u201eSzczeg\u00f3lna ostro\u017cno\u015b\u0107\u201d<\/strong> jest kwalifikowan\u0105 postaci\u0105 \u201eostro\u017cno\u015bci\u201d, tzn. podwy\u017cszon\u0105 do granic gwarantuj\u0105cych skuteczno\u015b\u0107 reakcji, przede wszystkim w przypadku zmieniaj\u0105cej si\u0119 nieoczekiwanie sytuacji na drodze.[\/vc_column_text][\/vc_column][\/vc_row][vc_row full_width=&#8221;stretch_row&#8221; content_placement=&#8221;middle&#8221; css=&#8221;.vc_custom_1587291367188{padding-top: 40px !important;padding-bottom: 40px !important;background-color: #f4f4f4 !important;}&#8221; el_id=&#8221;3&#8243;][vc_column width=&#8221;1\/2&#8243; css=&#8221;.vc_custom_1508676447998{padding-top: 40px !important;padding-bottom: 40px !important;}&#8221;][vc_custom_heading text=&#8221;III zasada bezpiecze\u0144stwa ruchu drogowego&#8221; font_container=&#8221;tag:h3|font_size:18|text_align:left|color:%23999999|line_height:1.2em&#8221; text_transform=&#8221;cesis_text_transform_uppercase&#8221; letter_spacing=&#8221;1&#8243; use_theme_fonts=&#8221;yes&#8221; css=&#8221;.vc_custom_1587289662650{margin-bottom: 5px !important;}&#8221;][vc_custom_heading text=&#8221;zasad\u0105 ograniczonego zaufania do innych uczestnik\u00f3w ruchu drogowego&#8221; font_container=&#8221;tag:h2|font_size:30|text_align:left|line_height:1.2em&#8221; text_resize=&#8221;yes&#8221; text_minimum=&#8221;24&#8243; text_transform=&#8221;cesis_text_transform_uppercase&#8221; google_fonts=&#8221;font_family:Roboto%3A100%2C100italic%2C300%2C300italic%2Cregular%2Citalic%2C500%2C500italic%2C700%2C700italic%2C900%2C900italic|font_style:700%20bold%20regular%3A700%3Anormal&#8221;][vc_column_text]zasada wymagaj\u0105c\u0105 umiej\u0119tno\u015bci przewidywania przysz\u0142ej sytuacji na drodze i umiej\u0119tno\u015bci jej stosowania nabywa si\u0119 w trakcie d\u0142ugiego do\u015bwiadczenia w prowadzeniu pojazd\u00f3w w r\u00f3\u017cnych warunkach i sytuacjach drogowych.<\/p>\n<p>Zasada ograniczonego zaufania oznacza, \u017ce uczestnik ruchu ma obowi\u0105zek ograniczenia zaufania do innego uczestnika ruchu jeszcze przed powstaniem stanu bezpo\u015bredniego zagro\u017cenia bezpiecze\u0144stwa, ale w\u00f3wczas gdy m\u00f3g\u0142 i powinien zauwa\u017cy\u0107 nietypowe jego zachowanie.<\/p>\n<p><em>(\u017ar\u00f3d\u0142a: W. Kotowski \u201eZasady bezpiecze\u0144stwa ruchu drogowego w \u015bwietle prawa\u201d, <a href=\"https:\/\/prawonadrodze.org.pl\/istota-trzech-podstawowych-zasad-bezpieczenstwa-ruchu-drogowego\/\">https:\/\/prawonadrodze.org.pl\/istota-trzech-podstawowych-zasad-bezpieczenstwa-ruchu-drogowego\/<\/a>)<\/em>[\/vc_column_text][\/vc_column][vc_column width=&#8221;1\/2&#8243;][vc_single_image image=&#8221;10204&#8243; img_size=&#8221;large&#8221; alignment=&#8221;right&#8221; css_animation=&#8221;slideInRight&#8221;][\/vc_column][\/vc_row][vc_row full_width=&#8221;stretch_row&#8221; content_placement=&#8221;middle&#8221; css=&#8221;.vc_custom_1587292211495{padding-top: 80px !important;padding-bottom: 80px !important;background-color: #200555 !important;}&#8221;][vc_column width=&#8221;4\/6&#8243;][vc_custom_heading text=&#8221;do pobrania broszura dotycz\u0105c\u0105 bezpiecze\u0144stwa w ruchu drogowym&#8221; font_container=&#8221;tag:h5|text_align:left|color:%23ffffff&#8221; text_transform=&#8221;cesis_text_transform_uppercase&#8221; use_theme_fonts=&#8221;yes&#8221;][\/vc_column][vc_column width=&#8221;2\/6&#8243;][cesis_button button_text=&#8221;POBIERZ&#8221; link=&#8221;http:\/\/plua.studiospektrum.pl\/wp-content\/uploads\/2020\/04\/Ulotka-o-bezpiecze\u0144stwie-w-ruchu-drogowym.pdf&#8221; target=&#8221;_blank&#8221; button_pos=&#8221;center&#8221; button_size=&#8221;cesis_button_custom&#8221; button_width=&#8221;200px&#8221; button_height=&#8221;50px&#8221; button_border=&#8221;1&#8243; button_radius=&#8221;3&#8243; button_text_color=&#8221;#ffffff&#8221; button_bg_color=&#8221;rgba(255,255,255,0)&#8221; button_border_color=&#8221;#ffffff&#8221; h_button_text_color=&#8221;#222222&#8243; h_button_bg_color=&#8221;#ffffff&#8221; h_button_border_color=&#8221;#ffffff&#8221; button_font=&#8221;alt_font&#8221; button_f_size=&#8221;12px&#8221; button_f_weight=&#8221;900&#8243; button_l_spacing=&#8221;0.5&#8243;][\/vc_column][\/vc_row][vc_row full_width=&#8221;stretch_row&#8221; content_placement=&#8221;middle&#8221; css=&#8221;.vc_custom_1587292903920{padding-top: 80px !important;padding-bottom: 80px !important;background-color: #f4f4f4 !important;}&#8221;][vc_column width=&#8221;4\/6&#8243;][vc_custom_heading text=&#8221;W kwestiach bezpiecze\u0144stwa w ruchu drogowym polecamy stron\u0119 internetow\u0105 Krajowej Rady Bezpiecze\u0144stwa Ruchu Drogowego&#8221; font_container=&#8221;tag:h5|text_align:left|color:%23293340&#8243; text_transform=&#8221;cesis_text_transform_uppercase&#8221; use_theme_fonts=&#8221;yes&#8221;][\/vc_column][vc_column width=&#8221;2\/6&#8243;][cesis_button button_text=&#8221;PRZEJD\u0179&#8221; link=&#8221;https:\/\/www.krbrd.gov.pl\/pl\/&#8221; target=&#8221;_blank&#8221; button_pos=&#8221;center&#8221; button_size=&#8221;cesis_button_custom&#8221; button_width=&#8221;200px&#8221; button_height=&#8221;50px&#8221; button_border=&#8221;1&#8243; button_radius=&#8221;3&#8243; button_text_color=&#8221;#293340&#8243; button_bg_color=&#8221;rgba(255,255,255,0.01)&#8221; button_border_color=&#8221;#293340&#8243; h_button_text_color=&#8221;#222222&#8243; h_button_bg_color=&#8221;#ffffff&#8221; h_button_border_color=&#8221;#ffffff&#8221; button_font=&#8221;alt_font&#8221; button_f_size=&#8221;12px&#8221; button_f_weight=&#8221;900&#8243; button_l_spacing=&#8221;0.5&#8243;][\/vc_column][\/vc_row]<\/p>\n","protected":false},"excerpt":{"rendered":"<p>[vc_row full_width=&#8221;stretch_row&#8221; min_height=&#8221;45&#8243; min_height_units=&#8221;vh&#8221; parallax=&#8221;cesis_parallax&#8221; parallax_image=&#8221;7607&#8243; content_placement=&#8221;bottom&#8221; css=&#8221;.vc_custom_1587061282485{padding-top: 60px !important;padding-bottom: 60px !important;background-color: #3a78ff !important;}&#8221; overlay=&#8221;rgba(79,87,255,0.17)&#8221;][vc_column width=&#8221;2\/3&#8243; css=&#8221;.vc_custom_1518976360014{border-left-width: 3px !important;padding-top: 5% !important;padding-right: 5% !important;padding-bottom: 5% !important;padding-left: 5% !important;background-color: rgba(0,0,0,0.32) !important;*background-color: rgb(0,0,0) !important;border-left-color: #1e73be !important;border-left-style: solid !important;}&#8221;][vc_custom_heading text=&#8221;Bezpiecze\u0144stwo w ruchu drogowym&#8221; font_container=&#8221;tag:h1|font_size:52|text_align:left|color:%23ffffff|line_height:0.8em&#8221; text_resize=&#8221;yes&#8221; text_minimum=&#8221;24&#8243; letter_spacing=&#8221;1&#8243; use_theme_fonts=&#8221;yes&#8221;][vc_column_text css=&#8221;.vc_custom_1587290331356{margin-bottom: 15px !important;}&#8221; font_color=&#8221;#ffffff&#8221;]Przepisy prawa o ruchu drogowy reguluj\u0105 trzy podstawowe [&hellip;]<\/p>\n","protected":false},"author":1,"featured_media":0,"parent":0,"menu_order":0,"comment_status":"closed","ping_status":"closed","template":"","meta":{"footnotes":""},"class_list":["post-8105","page","type-page","status-publish","hentry"],"_links":{"self":[{"href":"https:\/\/slawatycze-domaczewo.powiatbialski.eu\/index.php?rest_route=\/wp\/v2\/pages\/8105","targetHints":{"allow":["GET"]}}],"collection":[{"href":"https:\/\/slawatycze-domaczewo.powiatbialski.eu\/index.php?rest_route=\/wp\/v2\/pages"}],"about":[{"href":"https:\/\/slawatycze-domaczewo.powiatbialski.eu\/index.php?rest_route=\/wp\/v2\/types\/page"}],"author":[{"embeddable":true,"href":"https:\/\/slawatycze-domaczewo.powiatbialski.eu\/index.php?rest_route=\/wp\/v2\/users\/1"}],"replies":[{"embeddable":true,"href":"https:\/\/slawatycze-domaczewo.powiatbialski.eu\/index.php?rest_route=%2Fwp%2Fv2%2Fcomments&post=8105"}],"version-history":[{"count":0,"href":"https:\/\/slawatycze-domaczewo.powiatbialski.eu\/index.php?rest_route=\/wp\/v2\/pages\/8105\/revisions"}],"wp:attachment":[{"href":"https:\/\/slawatycze-domaczewo.powiatbialski.eu\/index.php?rest_route=%2Fwp%2Fv2%2Fmedia&parent=8105"}],"curies":[{"name":"wp","href":"https:\/\/api.w.org\/{rel}","templated":true}]}}