{"id":8978,"date":"2018-02-18T16:11:51","date_gmt":"2018-02-18T16:11:51","guid":{"rendered":"http:\/\/cesis.co\/?page_id=8978"},"modified":"2021-03-02T11:17:58","modified_gmt":"2021-03-02T11:17:58","slug":"kontakt","status":"publish","type":"page","link":"https:\/\/slawatycze-domaczewo.powiatbialski.eu\/?page_id=8978","title":{"rendered":"Kontakt"},"content":{"rendered":"<p>[vc_row full_width=&#8221;stretch_row&#8221; min_height=&#8221;45&#8243; min_height_units=&#8221;vh&#8221; parallax=&#8221;cesis_parallax&#8221; parallax_image=&#8221;10147&#8243; content_placement=&#8221;bottom&#8221; css=&#8221;.vc_custom_1587300380546{padding-top: 60px !important;padding-bottom: 60px !important;background-color: #3a78ff !important;}&#8221; overlay=&#8221;rgba(79,87,255,0.17)&#8221;][vc_column width=&#8221;1\/2&#8243; css=&#8221;.vc_custom_1518976360014{border-left-width: 3px !important;padding-top: 5% !important;padding-right: 5% !important;padding-bottom: 5% !important;padding-left: 5% !important;background-color: rgba(0,0,0,0.32) !important;*background-color: rgb(0,0,0) !important;border-left-color: #1e73be !important;border-left-style: solid !important;}&#8221;][vc_custom_heading text=&#8221;Kontakt&#8221; font_container=&#8221;tag:h1|font_size:52|text_align:left|color:%23ffffff|line_height:0.7em&#8221; text_resize=&#8221;yes&#8221; text_minimum=&#8221;24&#8243; letter_spacing=&#8221;1&#8243; use_theme_fonts=&#8221;yes&#8221;][vc_column_text font_color=&#8221;#ffffff&#8221;]Dane kontaktowe beneficjent\u00f3w[\/vc_column_text][\/vc_column][vc_column width=&#8221;1\/2&#8243;][\/vc_column][\/vc_row][vc_row css=&#8221;.vc_custom_1507906262970{padding-top: 60px !important;padding-bottom: 60px !important;}&#8221;][vc_column width=&#8221;1\/3&#8243; css=&#8221;.vc_custom_1586948659135{padding-bottom: 20px !important;}&#8221;][vc_column_text css=&#8221;.vc_custom_1586948721227{margin-bottom: 0px !important;}&#8221;]ul. Brzeska 41<br \/>\n21-500 Bia\u0142a Podlaska<br \/>\ntel.: +48 83 351 13 95<br \/>\ne-mail: <a href=\"mailto:starostwo@powiatbialski.pl\">starostwo@powiatbialski.pl<\/a><br \/>\nwww: <a href=\"http:\/\/www.powiatbialski.eu\/\">http:\/\/www.powiatbialski.eu\/<\/a>[\/vc_column_text][cesis_line_divider pos=&#8221;cesis_line_d_left&#8221; width=&#8221;140&#8243; color=&#8221;#5caffd&#8221; margin_top=&#8221;11&#8243; margin_bottom=&#8221;22&#8243;][vc_custom_heading text=&#8221;Beneficjent Wiod\u0105cy&#8221; font_container=&#8221;tag:h4|font_size:14|text_align:left&#8221; google_fonts=&#8221;font_family:Open%20Sans%3A300%2C300italic%2Cregular%2Citalic%2C600%2C600italic%2C700%2C700italic%2C800%2C800italic|font_style:700%20bold%20regular%3A700%3Anormal&#8221; el_class=&#8221;cesis_fahsion_col_1&#8243; css=&#8221;.vc_custom_1614683870056{margin-top: 0px !important;margin-bottom: 8px !important;}&#8221;][vc_custom_heading text=&#8221;Powiat Bialski&#8221; font_container=&#8221;tag:p|font_size:14|text_align:left&#8221; google_fonts=&#8221;font_family:Open%20Sans%3A300%2C300italic%2Cregular%2Citalic%2C600%2C600italic%2C700%2C700italic%2C800%2C800italic|font_style:700%20bold%20regular%3A700%3Anormal&#8221; el_class=&#8221;cesis_fahsion_col_1&#8243; css=&#8221;.vc_custom_1586948572435{margin-top: 0px !important;margin-bottom: 8px !important;}&#8221;][\/vc_column][vc_column width=&#8221;1\/3&#8243;][vc_column_text css=&#8221;.vc_custom_1586948737943{margin-bottom: 0px !important;}&#8221;]ul. Moskiewska 273\/2<br \/>\n224023 Brze\u015b\u0107<br \/>\ntel.: +375 162 25 19 00<br \/>\ne-mail: <a href=\"mailto:br_ods@brest.by\">br_ods@brest.by<\/a><br \/>\nwww: <a href=\"http:\/\/www.brest-ods.by\/\">http:\/\/www.brest-ods.by\/<\/a>[\/vc_column_text][cesis_line_divider pos=&#8221;cesis_line_d_left&#8221; width=&#8221;140&#8243; color=&#8221;#5caffd&#8221; margin_top=&#8221;11&#8243; margin_bottom=&#8221;22&#8243;][vc_custom_heading text=&#8221;Beneficjent&#8221; font_container=&#8221;tag:h4|font_size:14|text_align:left&#8221; google_fonts=&#8221;font_family:Open%20Sans%3A300%2C300italic%2Cregular%2Citalic%2C600%2C600italic%2C700%2C700italic%2C800%2C800italic|font_style:700%20bold%20regular%3A700%3Anormal&#8221; el_class=&#8221;cesis_fahsion_col_1&#8243; css=&#8221;.vc_custom_1586948497898{margin-top: 0px !important;margin-bottom: 8px !important;}&#8221;][vc_custom_heading text=&#8221;Komunalne unitarne przedsi\u0119biorstwo dzia\u0142aj\u0105ce w zakresie projektowania, utrzymania, remont\u00f3w i budowy dr\u00f3g lokalnych &#8222;Briestobldorstroj\u201d&#8221; font_container=&#8221;tag:p|font_size:14|text_align:left&#8221; google_fonts=&#8221;font_family:Open%20Sans%3A300%2C300italic%2Cregular%2Citalic%2C600%2C600italic%2C700%2C700italic%2C800%2C800italic|font_style:700%20bold%20regular%3A700%3Anormal&#8221; el_class=&#8221;cesis_fahsion_col_1&#8243; css=&#8221;.vc_custom_1586948549466{margin-top: 0px !important;margin-bottom: 8px !important;}&#8221;][\/vc_column][vc_column width=&#8221;1\/3&#8243;][vc_column_text css=&#8221;.vc_custom_1586948769188{margin-bottom: 0px !important;}&#8221;]ul. Domaniewska 39a<br \/>\n02-672 Warszawa<br \/>\ntel: +48 22 378 31 79<br \/>\ne-mail: <a href=\"mailto:pbu@pbu2020.eu\">pbu@pbu2020.eu<\/a><br \/>\nwww: <a href=\"http:\/\/pbu2020.eu\">http:\/\/pbu2020.eu<\/a>[\/vc_column_text][cesis_line_divider pos=&#8221;cesis_line_d_left&#8221; width=&#8221;140&#8243; color=&#8221;#5caffd&#8221; margin_top=&#8221;11&#8243; margin_bottom=&#8221;22&#8243;][vc_custom_heading text=&#8221;Wsp\u00f3lny Sekretariat Techniczny Programu Wsp\u00f3\u0142pracy Transgranicznej Polska \u2013 Bia\u0142oru\u015b \u2013 Ukraina Centrum Projekt\u00f3w Europejskich&#8221; font_container=&#8221;tag:h4|font_size:14|text_align:left&#8221; google_fonts=&#8221;font_family:Open%20Sans%3A300%2C300italic%2Cregular%2Citalic%2C600%2C600italic%2C700%2C700italic%2C800%2C800italic|font_style:700%20bold%20regular%3A700%3Anormal&#8221; el_class=&#8221;cesis_fahsion_col_1&#8243; css=&#8221;.vc_custom_1586948508309{margin-top: 0px !important;margin-bottom: 8px !important;}&#8221;][\/vc_column][\/vc_row][vc_row full_width=&#8221;stretch_row&#8221; css=&#8221;.vc_custom_1507650466163{padding-top: 80px !important;padding-bottom: 80px !important;background-color: #f4f4f4 !important;}&#8221;][vc_column width=&#8221;1\/6&#8243;][\/vc_column][vc_column width=&#8221;2\/3&#8243;][vc_custom_heading text=&#8221;Formularz kontaktowy&#8221; font_container=&#8221;tag:h2|font_size:24|text_align:left|color:%230a0a0a|line_height:1.2em&#8221; use_theme_fonts=&#8221;yes&#8221; el_class=&#8221;cesis_fahsion_col_1&#8243; css=&#8221;.vc_custom_1587060623032{margin-bottom: 38px !important;}&#8221;][cesis_cf7 contact_id=&#8221;9956&#8243; f_space=&#8221;cesis_cf7_small&#8221; f_radius=&#8221;10&#8243; button_type=&#8221;custom&#8221; btn_size=&#8221;cesis_cf7_medium_btn&#8221; btn_width=&#8221;cesis_cf7_fw_btn&#8221; btn_radius=&#8221;10&#8243; button_text_color=&#8221;#ffffff&#8221; button_bg_color=&#8221;#009cde&#8221; button_border_color=&#8221;#009cde&#8221; button_h_text_color=&#8221;#ffffff&#8221; button_h_bg_color=&#8221;#2a2d2e&#8221; button_h_border_color=&#8221;#2a2d2e&#8221;][\/vc_column][vc_column width=&#8221;1\/6&#8243;][\/vc_column][\/vc_row]<\/p>\n","protected":false},"excerpt":{"rendered":"<p>[vc_row full_width=&#8221;stretch_row&#8221; min_height=&#8221;45&#8243; min_height_units=&#8221;vh&#8221; parallax=&#8221;cesis_parallax&#8221; parallax_image=&#8221;10147&#8243; content_placement=&#8221;bottom&#8221; css=&#8221;.vc_custom_1587300380546{padding-top: 60px !important;padding-bottom: 60px !important;background-color: #3a78ff !important;}&#8221; overlay=&#8221;rgba(79,87,255,0.17)&#8221;][vc_column width=&#8221;1\/2&#8243; css=&#8221;.vc_custom_1518976360014{border-left-width: 3px !important;padding-top: 5% !important;padding-right: 5% !important;padding-bottom: 5% !important;padding-left: 5% !important;background-color: rgba(0,0,0,0.32) !important;*background-color: rgb(0,0,0) !important;border-left-color: #1e73be !important;border-left-style: solid !important;}&#8221;][vc_custom_heading text=&#8221;Kontakt&#8221; font_container=&#8221;tag:h1|font_size:52|text_align:left|color:%23ffffff|line_height:0.7em&#8221; text_resize=&#8221;yes&#8221; text_minimum=&#8221;24&#8243; letter_spacing=&#8221;1&#8243; use_theme_fonts=&#8221;yes&#8221;][vc_column_text font_color=&#8221;#ffffff&#8221;]Dane kontaktowe beneficjent\u00f3w[\/vc_column_text][\/vc_column][vc_column width=&#8221;1\/2&#8243;][\/vc_column][\/vc_row][vc_row css=&#8221;.vc_custom_1507906262970{padding-top: 60px !important;padding-bottom: 60px !important;}&#8221;][vc_column width=&#8221;1\/3&#8243; css=&#8221;.vc_custom_1586948659135{padding-bottom: 20px !important;}&#8221;][vc_column_text css=&#8221;.vc_custom_1586948721227{margin-bottom: [&hellip;]<\/p>\n","protected":false},"author":1,"featured_media":0,"parent":0,"menu_order":0,"comment_status":"closed","ping_status":"closed","template":"","meta":{"footnotes":""},"class_list":["post-8978","page","type-page","status-publish","hentry"],"_links":{"self":[{"href":"https:\/\/slawatycze-domaczewo.powiatbialski.eu\/index.php?rest_route=\/wp\/v2\/pages\/8978","targetHints":{"allow":["GET"]}}],"collection":[{"href":"https:\/\/slawatycze-domaczewo.powiatbialski.eu\/index.php?rest_route=\/wp\/v2\/pages"}],"about":[{"href":"https:\/\/slawatycze-domaczewo.powiatbialski.eu\/index.php?rest_route=\/wp\/v2\/types\/page"}],"author":[{"embeddable":true,"href":"https:\/\/slawatycze-domaczewo.powiatbialski.eu\/index.php?rest_route=\/wp\/v2\/users\/1"}],"replies":[{"embeddable":true,"href":"https:\/\/slawatycze-domaczewo.powiatbialski.eu\/index.php?rest_route=%2Fwp%2Fv2%2Fcomments&post=8978"}],"version-history":[{"count":0,"href":"https:\/\/slawatycze-domaczewo.powiatbialski.eu\/index.php?rest_route=\/wp\/v2\/pages\/8978\/revisions"}],"wp:attachment":[{"href":"https:\/\/slawatycze-domaczewo.powiatbialski.eu\/index.php?rest_route=%2Fwp%2Fv2%2Fmedia&parent=8978"}],"curies":[{"name":"wp","href":"https:\/\/api.w.org\/{rel}","templated":true}]}}