{"id":8985,"date":"2018-02-18T17:42:50","date_gmt":"2018-02-18T17:42:50","guid":{"rendered":"http:\/\/cesis.co\/?page_id=8985"},"modified":"2021-03-03T09:46:51","modified_gmt":"2021-03-03T09:46:51","slug":"contact-basic","status":"publish","type":"page","link":"https:\/\/slawatycze-domaczewo.powiatbialski.eu\/?page_id=8985","title":{"rendered":"Beneficjenci Projektu"},"content":{"rendered":"<p>[vc_row full_width=&#8221;stretch_row&#8221; min_height=&#8221;45&#8243; min_height_units=&#8221;vh&#8221; parallax=&#8221;cesis_parallax&#8221; parallax_image=&#8221;10147&#8243; content_placement=&#8221;bottom&#8221; css=&#8221;.vc_custom_1587300124049{padding-top: 60px !important;padding-bottom: 60px !important;background-color: #3a78ff !important;}&#8221; overlay=&#8221;rgba(79,87,255,0.17)&#8221;][vc_column width=&#8221;1\/2&#8243; css=&#8221;.vc_custom_1518976360014{border-left-width: 3px !important;padding-top: 5% !important;padding-right: 5% !important;padding-bottom: 5% !important;padding-left: 5% !important;background-color: rgba(0,0,0,0.32) !important;*background-color: rgb(0,0,0) !important;border-left-color: #1e73be !important;border-left-style: solid !important;}&#8221;][vc_custom_heading text=&#8221;Beneficjenci Projektu&#8221; font_container=&#8221;tag:h1|font_size:52|text_align:left|color:%23ffffff|line_height:0.7em&#8221; text_resize=&#8221;yes&#8221; text_minimum=&#8221;24&#8243; letter_spacing=&#8221;1&#8243; use_theme_fonts=&#8221;yes&#8221;][vc_column_text css=&#8221;.vc_custom_1614764147833{margin-bottom: 15px !important;}&#8221; font_color=&#8221;#ffffff&#8221;]<strong>Beneficjent Wiod\u0105cy:<\/strong><\/p>\n<p>Powiat Bialski<\/p>\n<p>ul. Brzeska 41<br \/>\n21-500 Bia\u0142a Podlaska<\/p>\n<p><strong>Beneficjent:<\/strong><\/p>\n<p>Komunalne unitarne przedsi\u0119biorstwo dzia\u0142aj\u0105ce w zakresie projektowania, utrzymania, remont\u00f3w i budowy dr\u00f3g lokalnych &#8222;Briestobldorstroj\u201d<\/p>\n<p>ul. Moskiewska 273\/2<br \/>\n224023 Brze\u015b\u0107<br \/>\ntel.: +375 162 25 19 00[\/vc_column_text][\/vc_column][vc_column width=&#8221;1\/2&#8243;][vc_single_image image=&#8221;10150&#8243; img_size=&#8221;200&#215;250&#8243; alignment=&#8221;center&#8221; style=&#8221;vc_box_shadow_3d&#8221;][vc_single_image image=&#8221;10288&#8243; img_size=&#8221;full&#8221; style=&#8221;vc_box_shadow_3d&#8221;][\/vc_column][\/vc_row][vc_row equal_height=&#8221;yes&#8221; content_placement=&#8221;middle&#8221; css=&#8221;.vc_custom_1518976670938{padding-top: 60px !important;padding-bottom: 20px !important;}&#8221;][vc_column css=&#8221;.vc_custom_1518976651035{padding-bottom: 40px !important;}&#8221;][cesis_gmaps key=&#8221;AIzaSyALOr0uSzd209V2eXJg3AJcwx3YFRQZfQw&#8221; latitude=&#8221;52.035165&#8243; longitude=&#8221;23.126793&#8243; zoom=&#8221;10&#8243; height=&#8221;450&#8243; markers=&#8221;%5B%7B%22marker_latitude%22%3A%2252.035165%22%2C%22marker_longitude%22%3A%2223.126793%22%2C%22marker_title%22%3A%22Powiat%20Bielski%22%7D%2C%7B%22marker_latitude%22%3A%2252.098763%22%2C%22marker_longitude%22%3A%2223.767490%22%2C%22marker_title%22%3A%22Briestobldorstroj%22%7D%5D&#8221; control_scale=&#8221;no&#8221; control_maptype=&#8221;no&#8221; control_streetview=&#8221;no&#8221; control_rotate=&#8221;no&#8221; control_fullscreen=&#8221;no&#8221; control_scrollwheel=&#8221;no&#8221; margin_top=&#8221;-40&#8243;][\/vc_column][\/vc_row]<\/p>\n","protected":false},"excerpt":{"rendered":"<p>[vc_row full_width=&#8221;stretch_row&#8221; min_height=&#8221;45&#8243; min_height_units=&#8221;vh&#8221; parallax=&#8221;cesis_parallax&#8221; parallax_image=&#8221;10147&#8243; content_placement=&#8221;bottom&#8221; css=&#8221;.vc_custom_1587300124049{padding-top: 60px !important;padding-bottom: 60px !important;background-color: #3a78ff !important;}&#8221; overlay=&#8221;rgba(79,87,255,0.17)&#8221;][vc_column width=&#8221;1\/2&#8243; css=&#8221;.vc_custom_1518976360014{border-left-width: 3px !important;padding-top: 5% !important;padding-right: 5% !important;padding-bottom: 5% !important;padding-left: 5% !important;background-color: rgba(0,0,0,0.32) !important;*background-color: rgb(0,0,0) !important;border-left-color: #1e73be !important;border-left-style: solid !important;}&#8221;][vc_custom_heading text=&#8221;Beneficjenci Projektu&#8221; font_container=&#8221;tag:h1|font_size:52|text_align:left|color:%23ffffff|line_height:0.7em&#8221; text_resize=&#8221;yes&#8221; text_minimum=&#8221;24&#8243; letter_spacing=&#8221;1&#8243; use_theme_fonts=&#8221;yes&#8221;][vc_column_text css=&#8221;.vc_custom_1614764147833{margin-bottom: 15px !important;}&#8221; font_color=&#8221;#ffffff&#8221;]Beneficjent Wiod\u0105cy: Powiat Bialski ul. Brzeska 41 21-500 Bia\u0142a Podlaska [&hellip;]<\/p>\n","protected":false},"author":1,"featured_media":0,"parent":0,"menu_order":0,"comment_status":"closed","ping_status":"closed","template":"","meta":{"footnotes":""},"class_list":["post-8985","page","type-page","status-publish","hentry"],"_links":{"self":[{"href":"https:\/\/slawatycze-domaczewo.powiatbialski.eu\/index.php?rest_route=\/wp\/v2\/pages\/8985","targetHints":{"allow":["GET"]}}],"collection":[{"href":"https:\/\/slawatycze-domaczewo.powiatbialski.eu\/index.php?rest_route=\/wp\/v2\/pages"}],"about":[{"href":"https:\/\/slawatycze-domaczewo.powiatbialski.eu\/index.php?rest_route=\/wp\/v2\/types\/page"}],"author":[{"embeddable":true,"href":"https:\/\/slawatycze-domaczewo.powiatbialski.eu\/index.php?rest_route=\/wp\/v2\/users\/1"}],"replies":[{"embeddable":true,"href":"https:\/\/slawatycze-domaczewo.powiatbialski.eu\/index.php?rest_route=%2Fwp%2Fv2%2Fcomments&post=8985"}],"version-history":[{"count":0,"href":"https:\/\/slawatycze-domaczewo.powiatbialski.eu\/index.php?rest_route=\/wp\/v2\/pages\/8985\/revisions"}],"wp:attachment":[{"href":"https:\/\/slawatycze-domaczewo.powiatbialski.eu\/index.php?rest_route=%2Fwp%2Fv2%2Fmedia&parent=8985"}],"curies":[{"name":"wp","href":"https:\/\/api.w.org\/{rel}","templated":true}]}}